{"id":987,"date":"2022-02-21T16:20:44","date_gmt":"2022-02-21T15:20:44","guid":{"rendered":"http:\/\/www.car-avan.fr\/?page_id=987"},"modified":"2023-12-17T17:48:28","modified_gmt":"2023-12-17T16:48:28","slug":"man-gisele","status":"publish","type":"page","link":"https:\/\/www.car-avan.fr\/?page_id=987","title":{"rendered":"Man Gis\u00e8le"},"content":{"rendered":"<h3><a href=\"https:\/\/www.car-avan.fr\/wordpress\/wp-content\/uploads\/2023\/03\/page-garde-1.png\"><img loading=\"lazy\" decoding=\"async\" class=\"alignnone wp-image-1472\" src=\"https:\/\/www.car-avan.fr\/wordpress\/wp-content\/uploads\/2023\/03\/page-garde-1-212x300.png\" alt=\"\" width=\"347\" height=\"491\" srcset=\"https:\/\/www.car-avan.fr\/wordpress\/wp-content\/uploads\/2023\/03\/page-garde-1-212x300.png 212w, https:\/\/www.car-avan.fr\/wordpress\/wp-content\/uploads\/2023\/03\/page-garde-1-724x1024.png 724w, https:\/\/www.car-avan.fr\/wordpress\/wp-content\/uploads\/2023\/03\/page-garde-1-768x1086.png 768w, https:\/\/www.car-avan.fr\/wordpress\/wp-content\/uploads\/2023\/03\/page-garde-1-1086x1536.png 1086w, https:\/\/www.car-avan.fr\/wordpress\/wp-content\/uploads\/2023\/03\/page-garde-1.png 1414w\" sizes=\"(max-width: 347px) 100vw, 347px\" \/><\/a><\/h3>\n<h1><span style=\"color: #3366ff;\"><strong>MAN GISELE<\/strong><\/span><\/h1>\n<h4><strong>DANSE -THEATRE-MARIONNETTE<\/strong><\/h4>\n<h4><strong>JEUNE PUBLIC (3 \u00e0 10 ans) &amp; FAMILIAL- INTERGENERATIONNEL<\/strong><\/h4>\n<p>&nbsp;<\/p>\n<h4><span style=\"font-size: medium;\"><span style=\"color: #000000;\"><span style=\"font-family: Calibri, sans-serif;\"><b>Mise en sc\u00e8ne &amp; Chor\u00e9graphie<\/b><\/span><\/span><span style=\"color: #000000;\"><span style=\"font-family: Calibri, sans-serif;\">: Jean l&rsquo;Oc\u00e9an<\/span><\/span><\/span><\/h4>\n<p><span style=\"color: #000000;\"><span style=\"font-family: Calibri, sans-serif;\"><span style=\"font-size: medium;\"><b>Artiste-Interpr\u00e8te<\/b> : Laurence Couzinet-Letchimy<\/span><\/span><\/span><\/p>\n<p><span style=\"color: #000000;\"><span style=\"font-family: Calibri, sans-serif;\"><span style=\"font-size: medium;\"><b>Regard ext\u00e9rieur<\/b> : Catherine Bourgeois<\/span><\/span><\/span><\/p>\n<p><span style=\"color: #000000;\"><span style=\"font-family: Calibri, sans-serif;\"><span style=\"font-size: medium;\"><b>Co-production<\/b>: Korz\u00e9mo<\/span><\/span><\/span><\/p>\n<pre><span style=\"color: #000000;\"><span style=\"font-family: Calibri, sans-serif;\"><span style=\"font-size: large;\"><b>Dur\u00e9e<\/b><\/span><\/span><\/span><span style=\"color: #000000;\"><span style=\"font-family: Calibri, sans-serif;\"><span style=\"font-size: large;\">: 35 minutes<\/span><\/span><\/span> \r\n\r\n<iframe loading=\"lazy\" title=\"YouTube video player\" src=\"https:\/\/www.youtube.com\/embed\/xPOQeb6RNjY?si=GlaPvGH0tQH4-ayQ\" width=\"560\" height=\"315\" frameborder=\"0\" allowfullscreen=\"allowfullscreen\"><\/iframe> <span style=\"color: #000000;\"><span style=\"font-family: Calibri, sans-serif;\"><span style=\"font-size: large;\"><b>Dossier \u00e0 t\u00e9l\u00e9charger<\/b><\/span><\/span><\/span><span style=\"color: #000000;\"><span style=\"font-family: Calibri, sans-serif;\"><span style=\"font-size: large;\">: <a href=\"https:\/\/www.car-avan.fr\/wordpress\/wp-content\/uploads\/2023\/03\/Man-Gisele-Cie-CarAvan-1.pdf\">Man Gis\u00e8le Cie Car'Avan<\/a><\/span><\/span><\/span><\/pre>\n<p>&nbsp;<\/p>\n<h2><span style=\"color: #3366ff;\"><strong>LE MOT DE MAN GISELE<\/strong><\/span><\/h2>\n<p align=\"JUSTIFY\"><span style=\"color: #000000;\"><em><span style=\"font-family: Segoe Script, sans-serif;\"><span style=\"font-size: medium;\"> J&rsquo;imaginais toutes sortes de choses quand \u00e7a toquait \u00e0 la porte de ma maison. <\/span><\/span><\/em><\/span><span style=\"color: #000000;\"><em><span style=\"font-family: Segoe Script, sans-serif;\"><span style=\"font-size: medium;\">Comme j&rsquo;avais peur, je me cachais et faisais semblant de ne pas \u00eatre l\u00e0. Bien s\u00fbr, je disais haut et fort que j&rsquo;\u00e9tais tr\u00e8s bien comme \u00e7a!<\/span><\/span><\/em><\/span><\/p>\n<p align=\"JUSTIFY\"><span style=\"color: #000000;\"><em><span style=\"font-family: Segoe Script, sans-serif;\"><span style=\"font-size: medium;\"> Mais \u00e0 la v\u00e9rit\u00e9, je tournais en rond, toute seule entre mes 4 murs. Et c&rsquo;\u00e9tait comme si je cherchais quelque chose, sans trop savoir quoi, d&rsquo;ailleurs!<\/span><\/span><\/em><\/span><\/p>\n<p align=\"JUSTIFY\"><span style=\"color: #000000;\"><em><span style=\"font-family: Segoe Script, sans-serif;\"><span style=\"font-size: medium;\"> Un jour, il m&rsquo;est venu une id\u00e9e. D&rsquo;o\u00f9 venait-elle?&#8230; Je ne saurai trop vous dire. Et je me demandais bien \u00e0 quoi elle allait me servir. Mais bon, je m&rsquo;en suis occup\u00e9e et avec elle, petit \u00e0 petit, je me sentais bien.<\/span><\/span><\/em><\/span><\/p>\n<p align=\"JUSTIFY\"><span style=\"color: #000000;\"><em><span style=\"font-family: Segoe Script, sans-serif;\"><span style=\"font-size: medium;\"> Evidemment, elle a fini par prendre ses aises! Et pour tout vous dire, elle me cassait la t\u00eate de mille questions sit\u00f4t que \u00e7a frappait \u00e0 la porte. J&rsquo;avais beau lui r\u00e9torquer que ce n&rsquo;\u00e9tait pas ses oignons, elle ne me laissait pas de r\u00e9pit avec sa manie de toujours voir les <span style=\"color: #000000;\">choses autrement! Si bien qu&rsquo;un jour, &#8230;.<\/span><\/span><\/span><\/em><\/span><\/p>\n<p align=\"JUSTIFY\"><a href=\"https:\/\/www.car-avan.fr\/wordpress\/wp-content\/uploads\/2023\/03\/1-P1036934-001-scaled.jpg\"><img loading=\"lazy\" decoding=\"async\" class=\"size-medium wp-image-1479 aligncenter\" src=\"https:\/\/www.car-avan.fr\/wordpress\/wp-content\/uploads\/2023\/03\/1-P1036934-001-300x244.jpg\" alt=\"\" width=\"300\" height=\"244\" srcset=\"https:\/\/www.car-avan.fr\/wordpress\/wp-content\/uploads\/2023\/03\/1-P1036934-001-300x244.jpg 300w, https:\/\/www.car-avan.fr\/wordpress\/wp-content\/uploads\/2023\/03\/1-P1036934-001-1024x831.jpg 1024w, https:\/\/www.car-avan.fr\/wordpress\/wp-content\/uploads\/2023\/03\/1-P1036934-001-768x624.jpg 768w, https:\/\/www.car-avan.fr\/wordpress\/wp-content\/uploads\/2023\/03\/1-P1036934-001-1536x1247.jpg 1536w, https:\/\/www.car-avan.fr\/wordpress\/wp-content\/uploads\/2023\/03\/1-P1036934-001-2048x1663.jpg 2048w\" sizes=\"(max-width: 300px) 100vw, 300px\" \/><\/a><\/p>\n<p><span style=\"color: #3366ff;\"><strong><span style=\"font-size: medium;\">NOTE D&rsquo;IN<\/span>TENTION<\/strong><\/span><\/p>\n<p align=\"JUSTIFY\"><span style=\"color: #000080;\"><span style=\"color: #000000;\"> <span style=\"font-family: Arial, sans-serif;\"><span style=\"font-size: large;\"><span style=\"font-family: Calibri, sans-serif;\"><span style=\"font-size: medium;\">Le personnage de \u00ab\u00a0Man Gis\u00e8le\u00a0\u00bb est craintif et se complait dans la s\u00e9c\u00fbrit\u00e9 de son nid douillet. Pourtant, Man Gis\u00e8le pressent confus\u00e9ment que son isolement est la cause de son mal-\u00eatre diffus. Paradoxalement &#8211; \u00ab\u00a0gr\u00e2ce\u00a0\u00bb ou \u00ab\u00a0\u00e0 cause\u00a0\u00bb de cet isolement &#8211; la volont\u00e9 de Man Gis\u00e8le s&#8217;emploie \u00e0 trouver une solution. Pour contrer son ennui et d\u00e9jouer la douce folie de l&rsquo;enfermement qui la menace, elle s&rsquo;aventure au hasard de ce qui lui tombe sous la main et, d\u00e9ploie sa fantaisie et sa cr\u00e9ativit\u00e9&#8230; Jusqu&rsquo;\u00e0 transformer son balai en personnage et \u00e0 entretenir avec lui une relation. Cet ami imaginaire tient compagnie \u00e0 Man Gis\u00e8le et fait office de \u00ab\u00a0petite voix int\u00e9rieure\u00a0\u00bb qui, n&rsquo;h\u00e9sitant pas \u00e0 la bousculer dans ses retranchements, la guide vers son \u00e9mancipation.<\/span><\/span><\/span><\/span><\/span><\/span><\/p>\n<p align=\"CENTER\"><span style=\"color: #000080;\"><span style=\"font-family: Arial, sans-serif;\"><span style=\"font-size: large;\"><strong><span style=\"color: #000000;\"><span style=\"font-family: Times New Roman, serif;\"><span style=\"font-size: medium;\">\u00ab<\/span><\/span><\/span><\/strong><strong><span style=\"color: #000000;\"><span style=\"font-family: Times New Roman, serif;\"><span style=\"font-size: medium;\"><i> Il n\u2019y a aucune r\u00e9alisation qui n\u2019ait pas \u00e9t\u00e9 un r\u00eave<\/i><\/span><\/span><\/span><\/strong><strong><span style=\"color: #000000;\"><span style=\"font-family: Times New Roman, serif;\"><span style=\"font-size: medium;\"> \u00bb<\/span><\/span><\/span><\/strong><strong><span style=\"color: #000000;\"><span style=\"font-family: Calibri, sans-serif;\"><span style=\"font-size: medium;\"> &#8211; Einstein &#8211;<\/span><\/span><\/span><\/strong><\/span><\/span><\/span><\/p>\n<p align=\"JUSTIFY\"><span style=\"color: #000080;\"><span style=\"color: #000000;\"> <span style=\"font-family: Arial, sans-serif;\"><span style=\"font-size: large;\"><span style=\"font-family: Calibri, sans-serif;\"><span style=\"font-size: medium;\">\u00ab\u00a0Cette petite voix int\u00e9rieure\u00a0\u00bb n&rsquo;est rien d&rsquo;autre que l&rsquo;\u00e9manation d&rsquo;une id\u00e9e, cette \u00ab\u00a0chose\u00a0\u00bb qui nous trotte dans la t\u00eate, nous affecte intimement et peut s&rsquo;av\u00e9rer si cr\u00e9atrice et puissante qu&rsquo;elle peut changer le cours des choses, \u00e0 commencer par nous-m\u00eames. <\/span><\/span><\/span><\/span><\/span><\/span><\/p>\n<p align=\"JUSTIFY\"><span style=\"color: #000080;\"><span style=\"color: #000000;\"><span style=\"font-family: Calibri, sans-serif;\"><span style=\"font-size: medium;\"> Sans entrer ici dans des consid\u00e9rations scientifiques \u2013 au demeurant passionnantes sur le fonctionnement de nos cerveaux \u2013 la pi\u00e8ce alerte petit et grand, qu&rsquo;il importe de veiller \u00e0 la qualit\u00e9 et \u00e0 la nature de nos pens\u00e9es. Ne pas y renoncer par peur du regard des autres, ne pas en changer tous les quatre matins, leur pr\u00eater du temps et de l&rsquo;attention, y travailler, en jouer et y croire avec constance et intensit\u00e9 peut v\u00e9ritablement augmenter nos chances d&rsquo;\u00e9voluer, d\u2019influencer la r\u00e9alit\u00e9 tangible de nos existences et favoriser la r\u00e9ussite de nos objectifs. En somme, de grandir et de bouger les lignes!<\/span><\/span><\/span><\/span><\/p>\n<p align=\"JUSTIFY\"><span style=\"color: #000080;\"><span style=\"color: #000000;\"><span style=\"font-family: Calibri, sans-serif;\"><span style=\"font-size: medium;\"> Man Gis\u00e8le finira par le comprendre et \u00e0 se surpasser. Pour sa plus grande joie et&#8230; Celle du public, infiniment touch\u00e9 \u00e0 la fin de la pi\u00e8ce &#8211; d&rsquo;enfin &#8211; la rencontrer!<\/span><\/span><\/span><\/span><\/p>\n<p align=\"CENTER\"><span style=\"color: #000080;\"><strong><span style=\"color: #000000;\"><span style=\"font-family: Calibri, sans-serif;\"><span style=\"font-size: medium;\"><b>*****<\/b><\/span><\/span><\/span><\/strong><\/span><\/p>\n<p align=\"JUSTIFY\"><span style=\"color: #000080;\"><span style=\"font-family: Arial, sans-serif;\"><span style=\"font-size: large;\"> <span style=\"color: #000000;\"><span style=\"font-family: Calibri, sans-serif;\"><span style=\"font-size: medium;\"><i>La pi\u00e8ce, cr\u00e9\u00e9e en plein 4\u00e8me confinement \u00e0 la Martinique, est une formidable invitation \u00e0 conjurer nos peurs (peur de l&rsquo;autre et de l&rsquo;inconnu) <\/i><\/span><\/span><\/span><span style=\"color: #000000;\"><span style=\"font-family: Calibri, sans-serif;\"><span style=\"font-size: medium;\"><i>qui nous confortent dans nos individualismes et nos solitudes. Intervenant dans les \u00e9coles, j&rsquo;ai ainsi rencontr\u00e9 nombre d&rsquo;enfants qui se construisent ainsi, dans la d\u00e9fiance de l&rsquo;autre, voire m\u00eame le refus du contact physique.<\/i><\/span><\/span><\/span><\/span><\/span><\/span><\/p>\n<p align=\"JUSTIFY\"><span style=\"color: #000080;\"><span style=\"font-family: Arial, sans-serif;\"><span style=\"font-size: large;\"><span style=\"color: #000000;\"><span style=\"font-family: Calibri, sans-serif;\"><span style=\"font-size: medium;\"><i> Si la peur a une fonction utile de pr\u00e9servation, elle n&rsquo;offre aucune autre perspective pertinente et il importe de redonner confiance aux enfants. Je crois qu&rsquo;on peut tout leur dire et tout aborder en adoptant, bien s\u00fbr, la mani\u00e8re qui convient \u00e0 leur maturit\u00e9 &#8230; \u00ab\u00a0Tout\u00a0\u00bb? Sauf peut-\u00eatre injurier \u00ab l\u2019avenir \u00bb, me semble-t-il. <\/i><\/span><\/span><\/span><\/span><\/span><\/span><\/p>\n<p align=\"JUSTIFY\"><span style=\"color: #000080;\"><span style=\"font-family: Arial, sans-serif;\"><span style=\"font-size: large;\"><span style=\"color: #000000;\"><span style=\"font-family: Calibri, sans-serif;\"><span style=\"font-size: medium;\"><i> En voulant entrer en communication avec ce jeune public particuli\u00e8rement exigent et cash, j&rsquo;ai tent\u00e9 de lui communiquer que la vie vaut la peine d\u2019\u00eatre prise \u00e0 bras le corps, qu&rsquo;il importe d&rsquo;ouvrir la porte \u00e0 tous les vents, de cultiver ensemble notre bien le plus pr\u00e9cieux: le d\u00e9sir, la curiosit\u00e9, l\u2019envie, l&rsquo;imagination et d&rsquo;\u00eatre en confiance!<\/i><\/span><\/span><\/span><\/span><\/span><\/span><\/p>\n<p><a href=\"https:\/\/www.car-avan.fr\/wordpress\/wp-content\/uploads\/2022\/02\/P1037015-002-scaled.jpg\"><img loading=\"lazy\" decoding=\"async\" class=\"size-medium wp-image-1016 aligncenter\" src=\"https:\/\/www.car-avan.fr\/wordpress\/wp-content\/uploads\/2022\/02\/P1037015-002-276x300.jpg\" alt=\"\" width=\"276\" height=\"300\" srcset=\"https:\/\/www.car-avan.fr\/wordpress\/wp-content\/uploads\/2022\/02\/P1037015-002-276x300.jpg 276w, https:\/\/www.car-avan.fr\/wordpress\/wp-content\/uploads\/2022\/02\/P1037015-002-942x1024.jpg 942w, https:\/\/www.car-avan.fr\/wordpress\/wp-content\/uploads\/2022\/02\/P1037015-002-768x835.jpg 768w, https:\/\/www.car-avan.fr\/wordpress\/wp-content\/uploads\/2022\/02\/P1037015-002-1414x1536.jpg 1414w, https:\/\/www.car-avan.fr\/wordpress\/wp-content\/uploads\/2022\/02\/P1037015-002-1885x2048.jpg 1885w\" sizes=\"(max-width: 276px) 100vw, 276px\" \/><\/a><\/p>\n<h4 align=\"JUSTIFY\"><\/h4>\n<h3 align=\"JUSTIFY\"><span style=\"color: #3366ff;\"><span style=\"font-family: Arial, sans-serif;\"><span style=\"font-size: large;\"><strong><span style=\"font-family: Calibri, sans-serif;\"><span style=\"font-size: xx-large;\"><b>PROCESSUS DE CR\u00c9ATION<\/b><\/span><\/span><\/strong><\/span><\/span><\/span><\/h3>\n<h3 align=\"JUSTIFY\"><span style=\"color: #3366ff;\"><span style=\"font-family: Arial, sans-serif;\"><span style=\"font-size: large;\"><strong><span style=\"font-family: Calibri, sans-serif;\"><span style=\"font-size: xx-large;\"><b>&amp; SC\u00c9NOGRAPHIE<\/b><\/span><\/span><\/strong><\/span><\/span><\/span><\/h3>\n<p align=\"JUSTIFY\"><span style=\"color: #000080;\"><span style=\"font-family: Arial, sans-serif;\"><span style=\"font-size: large;\"><span style=\"color: #000000;\"><span style=\"font-family: Calibri, sans-serif;\"><span style=\"font-size: medium;\"> La pi\u00e8ce s&rsquo;adresse <strong>\u00e0 tous les \u00e2ges \u00e0 partir de 3 ans, offrant plusieurs niveaux de lecture<\/strong>. Les jeunes enfants \u00e9tant tr\u00e8s intuitifs pour d\u00e9crypter l&rsquo;expressivit\u00e9 d&rsquo;un corps en mouvement, les non-dits et les expressions de visage, je me suis attach\u00e9 \u00e0 cr\u00e9er, pour eux prioritairement, une <strong>pi\u00e8ce essentiellement visuelle et gestuelle<\/strong>, sans sombrer dans l\u2019infantilisme ou, pis, la s\u00e9duction facile.<\/span><\/span><\/span><\/span><\/span><\/span><\/p>\n<p align=\"JUSTIFY\"><span style=\"color: #000080;\"><span style=\"color: #000000;\"> <span style=\"font-family: Arial, sans-serif;\"><span style=\"font-size: large;\"><span style=\"font-family: Calibri, sans-serif;\"><span style=\"font-size: medium;\">Peu de texte donc, la pi\u00e8ce n&rsquo;\u00e9tant \u00e9maill\u00e9e que de quelques \u00e9chapp\u00e9es expressives ou de quelques rares phrases simples<strong> en fran\u00e7ais ou en cr\u00e9ole<\/strong> (<\/span><\/span><\/span><\/span><\/span><span style=\"color: #000000;\"><span style=\"font-family: Calibri, sans-serif;\"><span style=\"font-size: medium;\"><i>lorsque, par exemple, Man Gis\u00e8le chantonne en faisant son m\u00e9nage et nargue la personne qui vient de frapper \u00e0 sa porte, lorsqu&rsquo;elle improvise seule un jeu avec les lettres \u00ab\u00a0I\u00a0\u00bb et \u00ab\u00a0D\u00a0\u00bb ou lorsqu&rsquo;elle rencontre le public, boulevers\u00e9e et heureuse, apr\u00e8s avoir enfin ouvert la porte de sa maison, point d&rsquo;orgue de la pi\u00e8ce!<\/i><\/span><\/span><\/span><span style=\"color: #000000;\"><span style=\"font-family: Calibri, sans-serif;\"><span style=\"font-size: medium;\">)<\/span><\/span><\/span><\/span><\/p>\n<p align=\"JUSTIFY\"><span style=\"color: #000080;\"><span style=\"color: #000000;\"> <span style=\"font-family: Arial, sans-serif;\"><span style=\"font-size: large;\"><span style=\"font-family: Calibri, sans-serif;\"><span style=\"font-size: medium;\">Comme un artisan dans son atelier qui explore et malaxe la mati\u00e8re dont il dispose, je me suis aventur\u00e9 apr\u00e8s avoir simplement jet\u00e9 \u00e0 grands traits, \u00e0 la table, le sujet de la cr\u00e9ation et initi\u00e9 une seule contrainte: celui de d\u00e9limiter l&rsquo;espace avec un cordon tendu entre quatre coins pour repr\u00e9senter les quatre murs de la maison de Man Gis\u00e8le et signifier, ainsi, son isolement. <\/span><\/span><\/span><\/span><\/span><\/span><\/p>\n<p align=\"JUSTIFY\"><span style=\"color: #000080;\"><span style=\"font-family: Arial, sans-serif;\"><span style=\"font-size: large;\"><span style=\"color: #000000;\"><span style=\"font-family: Calibri, sans-serif;\"><span style=\"font-size: medium;\"> \u00ab\u00a0Man Gis\u00e8le\u00a0\u00bb est donc une pi\u00e8ce minimaliste dans sa forme, particuli\u00e8rement <strong>l\u00e9g\u00e8re<\/strong> en d\u00e9cor et accessoires, qui a l&rsquo;ambition de pouvoir \u00eatre donn\u00e9e \u00e0 peu pr\u00e8s partout (th\u00e9\u00e2tre, salle de classe, pr\u00e9au, place de villages, m\u00e9diath\u00e8que, &#8230;.), avec ou sans r\u00e9gie-lumi\u00e8re, avec ou sans fond de sc\u00e8ne.<\/span><\/span><\/span><\/span><\/span><\/span><\/p>\n<p align=\"JUSTIFY\"><span style=\"color: #000080;\"> <span style=\"color: #000000;\"> <span style=\"font-family: Arial, sans-serif;\"><span style=\"font-size: large;\"><span style=\"font-family: Calibri, sans-serif;\"><span style=\"font-size: medium;\">Comme un enfant, je ne voulais pas trop intellectualiser en amont le propos du spectacle mais plut\u00f4t rester en alerte, ouvert \u00e0 toute \u00e9ventualit\u00e9, dispos\u00e9 \u00e0 \u00eatre \u00e9tonn\u00e9 tout au long du processus de cr\u00e9ation. Le travail s&rsquo;est alors d\u00e9velopp\u00e9, presque comme une \u00e9vidence, en m&rsquo;appuyant sur le corps de danseuse de mon interpr\u00e8te Laurence Couzinet-Letchimy ( danse classique et contemporaine) et de quelques objets tr\u00e8s communs et ordinaires r\u00e9investis en de multiples usages et &#8211; qu&rsquo;en d\u00e9pit du confinement et des magasins \u00ab\u00a0non-essentiels\u00a0\u00bb ferm\u00e9s &#8211; nous avions pu encore trouver (seau, balai, bouchons de bouteille, caisse en bois) .<\/span><\/span><\/span><\/span><\/span><\/span><\/p>\n<p align=\"JUSTIFY\"><span style=\"color: #3366ff;\"><span style=\"font-family: Arial, sans-serif;\"><span style=\"font-size: large;\"><span style=\"font-family: Calibri, sans-serif;\"><span style=\"font-size: medium;\"><span style=\"font-family: Calibri, sans-serif; font-size: medium;\"><b> Mon souci a \u00e9t\u00e9 de revenir \u00e0 l&rsquo;essentiel du th\u00e9\u00e2tre: jouer, cr\u00e9er l&rsquo;illusion. D&rsquo;un rien, il s&rsquo;agissait &#8211; sans aucun subterfuge ni artifice sc\u00e9nique &#8211; de cr\u00e9er un monde, raconter une histoire, dessiner un personnage, faire sens, questionner, g\u00e9n\u00e9rer rires et \u00e9motions, r\u00e9v\u00e9ler la <\/b><\/span><span style=\"font-size: medium;\"><b>quintessence<\/b><\/span><span style=\"font-family: Calibri, sans-serif; font-size: medium;\"><b> de nos vies et favoriser notre aptitude \u00e0 nous enchanter.<\/b><\/span><\/span><\/span> <\/span><\/span><\/span><\/p>\n<p align=\"JUSTIFY\">\n","protected":false},"excerpt":{"rendered":"<p>MAN GISELE DANSE -THEATRE-MARIONNETTE JEUNE PUBLIC (3 \u00e0 10 ans) &amp; FAMILIAL- INTERGENERATIONNEL &nbsp; Mise en sc\u00e8ne &amp; Chor\u00e9graphie: Jean l&rsquo;Oc\u00e9an Artiste-Interpr\u00e8te : Laurence Couzinet-Letchimy Regard ext\u00e9rieur : Catherine Bourgeois Co-production: Korz\u00e9mo Dur\u00e9e: 35 minutes Dossier \u00e0 t\u00e9l\u00e9charger: Man Gis\u00e8le &hellip; <a href=\"https:\/\/www.car-avan.fr\/?page_id=987\">Continuer la lecture <span class=\"meta-nav\">&rarr;<\/span><\/a><\/p>\n","protected":false},"author":3,"featured_media":0,"parent":6,"menu_order":1,"comment_status":"closed","ping_status":"closed","template":"","meta":{"footnotes":""},"_links":{"self":[{"href":"https:\/\/www.car-avan.fr\/index.php?rest_route=\/wp\/v2\/pages\/987"}],"collection":[{"href":"https:\/\/www.car-avan.fr\/index.php?rest_route=\/wp\/v2\/pages"}],"about":[{"href":"https:\/\/www.car-avan.fr\/index.php?rest_route=\/wp\/v2\/types\/page"}],"author":[{"embeddable":true,"href":"https:\/\/www.car-avan.fr\/index.php?rest_route=\/wp\/v2\/users\/3"}],"replies":[{"embeddable":true,"href":"https:\/\/www.car-avan.fr\/index.php?rest_route=%2Fwp%2Fv2%2Fcomments&post=987"}],"version-history":[{"count":105,"href":"https:\/\/www.car-avan.fr\/index.php?rest_route=\/wp\/v2\/pages\/987\/revisions"}],"predecessor-version":[{"id":1607,"href":"https:\/\/www.car-avan.fr\/index.php?rest_route=\/wp\/v2\/pages\/987\/revisions\/1607"}],"up":[{"embeddable":true,"href":"https:\/\/www.car-avan.fr\/index.php?rest_route=\/wp\/v2\/pages\/6"}],"wp:attachment":[{"href":"https:\/\/www.car-avan.fr\/index.php?rest_route=%2Fwp%2Fv2%2Fmedia&parent=987"}],"curies":[{"name":"wp","href":"https:\/\/api.w.org\/{rel}","templated":true}]}}