{"id":55,"date":"2015-03-07T12:20:51","date_gmt":"2015-03-07T11:20:51","guid":{"rendered":"http:\/\/www.car-avan.fr\/wordpress\/?page_id=55"},"modified":"2022-03-01T02:30:49","modified_gmt":"2022-03-01T01:30:49","slug":"pas-un-ange-un-enfant-simplement","status":"publish","type":"page","link":"https:\/\/www.car-avan.fr\/?page_id=55","title":{"rendered":"Pas un ange &#8230; un enfant, simplement !"},"content":{"rendered":"<h2><strong><span style=\"color: #ff6600;\">PAS UN ANGE \u2026 UN ENFANT, SIMPLEMENT!<\/span><\/strong><\/h2>\n<h3><span style=\"font-family: Gadugi;\"><b>DANSE ET TH\u00c9\u00c2TRE<\/b> <a href=\"https:\/\/www.car-avan.fr\/wordpress\/wp-content\/uploads\/2015\/09\/Affiche-PAS-UN-ANGE-A3.jpg\"><img loading=\"lazy\" decoding=\"async\" class=\"wp-image-283 alignright\" src=\"https:\/\/www.car-avan.fr\/wordpress\/wp-content\/uploads\/2015\/09\/Affiche-PAS-UN-ANGE-A3-212x300.jpg\" alt=\"\" width=\"186\" height=\"263\" srcset=\"https:\/\/www.car-avan.fr\/wordpress\/wp-content\/uploads\/2015\/09\/Affiche-PAS-UN-ANGE-A3-212x300.jpg 212w, https:\/\/www.car-avan.fr\/wordpress\/wp-content\/uploads\/2015\/09\/Affiche-PAS-UN-ANGE-A3-768x1086.jpg 768w, https:\/\/www.car-avan.fr\/wordpress\/wp-content\/uploads\/2015\/09\/Affiche-PAS-UN-ANGE-A3-724x1024.jpg 724w\" sizes=\"(max-width: 186px) 100vw, 186px\" \/><\/a><\/span><\/h3>\n<p><span style=\"font-family: Gadugi;\">Cr\u00e9ation 2007<\/span><\/p>\n<p><span style=\"font-family: Gadugi;\"><strong>Tout Public <\/strong>\u00e0 partir de 8 ans<br \/>\n1h20 sans entracte<\/span><\/p>\n<p><span style=\"font-family: Gadugi;\"><i>Car\u2019Avan a aussi con\u00e7u \u00e0 l\u2019intention du <\/i><i>Jeune Public<\/i><i> une version adapt\u00e9e aux enfants (\u00e0 partir de 6 ans \/ 1h10 sans entracte)<\/i><\/span><\/p>\n<p>&nbsp;<\/p>\n<p><span style=\"font-family: Gadugi;\"><b>Con\u00e7u et interpr\u00e9t\u00e9<\/b> par Thierry Sirou, Laurence Couzinet-Letchimy et Jean l&rsquo;Oc\u00e9an<\/span><\/p>\n<p><span style=\"font-family: Gadugi;\"><b>Bande son<\/b>: C\u00e9dric Billard<\/span><\/p>\n<p><span style=\"font-family: Gadugi;\"><b>Costumes<\/b>: Maryl\u00e8ne Joly Pascal<\/span><\/p>\n<p>&nbsp;<\/p>\n<p><strong><img loading=\"lazy\" decoding=\"async\" class=\"alignleft\" src=\"https:\/\/www.car-avan.fr\/images\/pasunange\/debut.jpg\" alt=\"\" width=\"160\" height=\"213\" align=\"left\" hspace=\"5\" vspace=\"5\" \/><\/strong><\/p>\n<p style=\"padding-left: 30px;\"><strong>C&rsquo;est l\u2019histoire authentique d\u2019un petit gar\u00e7on extraordinaire<\/strong>, Albeiro Vargas, surnomm\u00e9 \u00ab\u00a0Le petit ange de Colombie\u00a0\u00bb.<\/p>\n<p style=\"text-align: justify; padding-left: 30px;\" align=\"justify\">Peut-\u00eatre avez-vous eu vent de ce gamin qui, dans les ruelles de Ciudad Norte \u00e0 Bucaramanga en Colombie vient, d\u00e8s l\u2019\u00e2ge de 6 ans, vole au secours des petits vieux de son quartier et surtout leur t\u00e9moigne, avec d\u2019autres m\u00f4mes qu\u2019il mobilise, une infinie tendresse.<\/p>\n<p style=\"text-align: justify;\" align=\"justify\"><span style=\"color: #ff6600;\"><strong>Par sa seule ferveur, sa stup\u00e9fiante \u00e9nergie et son amour,\u00a0 cet enfant transforme tout, fait ce que des adultes n\u2019osent entreprendre et rend dignit\u00e9 et joie de vivre \u00e0 tous ces \u00ab\u00a0abuelitos\u00a0\u00bb perdus<\/strong>.<\/span><\/p>\n<h2 align=\"justify\"><span style=\"color: #ff6600;\">LIEN VIDEO <\/span><\/h2>\n<h2 align=\"justify\"><span style=\"color: #000000;\">https:\/\/youtu.be\/Di_DTaqel6k<\/span><\/h2>\n<h2><span style=\"color: #ff6600;\">PRESSE<\/span><\/h2>\n<p align=\"justify\"><em>\u00ab\u00a0Pas un Ange\u2026un enfant simplement\u00a0\u00bb, la nouvelle cr\u00e9ation de la Cie Car\u2019Avan, nous donne une fois encore l\u2019occasion de vivre une exp\u00e9rience artistique intense\u00a0\u00bb<\/em> &#8211; <span style=\"color: #0000ff;\">TELERAMA<\/span><\/p>\n<p align=\"justify\"><em>\u00ab\u00a0Le d\u00e9cor est plant\u00e9: une corde avec du linge d\u00e9fra\u00eechi qui s\u00e8che. On est \u00e0 Bucaramangua, en Colombie. Tr\u00e8s vite, on se laisse h\u00e2per par la justesse du texte, la v\u00e9racit\u00e9 des situations associ\u00e9es \u00e0 la beaut\u00e9 expressive des chor\u00e9graphies remarquablement servies par Laurence Couzinet-Lechimy et Thierry Sirou, dont les danses en solo ou \u00e0 deux, entra\u00eenent les spectateurs dans le rire ou le malaise comme dans le th\u00e9\u00e2tre de la vie. Le mouvement n\u2019est ni fig\u00e9, ni codifi\u00e9, ni standardis\u00e9 mais caract\u00e9ris\u00e9 par une connaissance approfondie de leurs corps et une conscience des personnages qu\u2019ils incarnent. C\u2019est en symbiose parfaite qu\u2019ils \u00e9voquent \u00e0 la fois le monde de l\u2019enfance et celui de la vieillesse. Le savant dosage entre musiques traditionnelles colombiennes et musiques contemporaines renforce au demeurant la complexit\u00e9 de la composition chor\u00e9graphique.<\/em><\/p>\n<p align=\"justify\"><em>Jean l\u2019Oc\u00e9an, le conteur-narrateur, \u00e0 l\u2019instar des griots africains, poss\u00e8de une \u00e9l\u00e9gance de style qui aborde les mots en jouant avec les ondulations de son corps. Ses d\u00e9placements sur sc\u00e8ne, rythm\u00e9s parfois par de simples b\u00e2tons de bois, nous surprennent toujours et le doux contact de ses pieds sur le sol, nous fait oublier qu\u2019il entre et sort du plateau, au gr\u00e9 des s\u00e9quences. N\u2019h\u00e9sitant pas \u00e0 jouer avec les silences, il ouvre un horizon o\u00f9 le suspens pr\u00e9dispose \u00e0 servir l\u2019imagination. Quand au \u00ab\u00a0Papi Gaston\u00a0\u00bb qu&rsquo; il interpr\u00e8te, c&rsquo;est un d\u00e9licieux et jubilatoire condens\u00e9 de ces \u00ab\u00a0petits vieux\u00a0\u00bb qui cultivent avec amour le d\u00e9lire d&rsquo;\u00eatre au monde !\u00a0\u00bb &#8211;<\/em> <span style=\"color: #0000ff;\">L&rsquo;EST REPUBLICAIN<\/span><\/p>\n<p align=\"justify\"><em>\u00ab\u00a0Ces trois acteurs-danseurs, dont la technicit\u00e9 est mise au profit de l\u2019histoire, laissent filtrer un humour critique raffin\u00e9, une libert\u00e9 de d\u00e9marche et une belle complicit\u00e9 ne laissant la place ni aux longueurs ni aux temps morts.<\/em><\/p>\n<p align=\"justify\"><em>Cette pi\u00e8ce tout \u00e0 la fois sobre, engag\u00e9e, audacieuse et pudique offre au spectateur une vision \u00e9pur\u00e9e du don de soi. Le regard sur le monde que prom\u00e8ne l&rsquo; enfant qui les a inspir\u00e9s est une invitation \u00e0 une amicalit\u00e9 sans tapage, o\u00f9 le bon sens et la tendresse l\u2019emportent. Chaque intention des artistes invite le public \u00e0 faire partie, lui-aussi, de ce cercle magique. C\u2019est avec les yeux embu\u00e9s de larmes de joie, le coeur \u00e9largi d&rsquo;un nouveau \u00ab\u00a0possible\u00a0\u00bb qu\u2019on applaudit cette d\u00e9licate d\u00e9monstration. \u00a0\u00bb <\/em>&#8211;<span style=\"color: #0000ff;\"> LA VIE<\/span><\/p>\n<p style=\"text-align: justify;\"><img loading=\"lazy\" decoding=\"async\" class=\"alignleft\" src=\"https:\/\/www.car-avan.fr\/images\/pasunange\/p1.jpg\" alt=\"\" width=\"272\" height=\"302\" hspace=\"1\" \/><img loading=\"lazy\" decoding=\"async\" class=\"alignright\" src=\"https:\/\/www.car-avan.fr\/images\/pasunange\/p2.jpg\" alt=\"\" width=\"319\" height=\"255\" hspace=\"1\" \/><\/p>\n<h3 align=\"justify\"><\/h3>\n<h3 align=\"justify\"><\/h3>\n<h3 align=\"justify\"><\/h3>\n<h3 align=\"justify\"><\/h3>\n<h3 align=\"justify\"><\/h3>\n<h3 align=\"justify\"><\/h3>\n<h3 align=\"justify\"><span style=\"color: #ff6600;\">Qu\u2019est-ce qui vous a motiv\u00e9 pour monter cette pi\u00e8ce\u00a0?<\/span><\/h3>\n<p align=\"justify\">Lors d\u2019un reportage TV de Tony Comiti, nous avons \u00e9t\u00e9 stup\u00e9faits et \u00e9merveill\u00e9s par ce gosse colombien\u2026son regard, son sourire et son action\u2026 et, petit \u00e0 petit, l\u2019id\u00e9e d\u2019en faire le sujet de notre cr\u00e9ation s\u2019est impos\u00e9e.<br \/>\nRetracer, artistiquement, son histoire peut contribuer \u00e0 un bel \u00e9veil\u00a0: ce que ce petit-bout d\u2019homme a r\u00eav\u00e9, il y a cru d\u2019une foi sans faille\u00a0; ce qui semblait \u00ab\u00a0fou\u00a0\u00bb, \u00ab\u00a0allum\u00e9\u00a0\u00bb, \u00ab\u00a0impossible\u00a0\u00bb ou \u00ab\u00a0improbable\u00a0\u00bb, cet enfant l\u2019a pens\u00e9, l\u2019a exprim\u00e9, y a travaill\u00e9 le plus simplement du monde, sans se m\u00e9nager mais avec c\u0153ur et intelligence et\u2026l\u2019a concr\u00e9tis\u00e9.<\/p>\n<h3 align=\"justify\"><em><strong><img loading=\"lazy\" decoding=\"async\" src=\"https:\/\/www.car-avan.fr\/images\/pasunange\/fauteuil.jpg\" alt=\"\" width=\"213\" height=\"234\" align=\"right\" border=\"2\" hspace=\"5\" vspace=\"5\" \/><\/strong><\/em><span style=\"color: #ff6600;\">L&rsquo;abandon des vieux en Colombie &#8230;une fatalit\u00e9 ? <\/span><\/h3>\n<p align=\"justify\">Non et cet enfant en est le t\u00e9moignage. En revanche, cela nous am\u00e8ne \u00e0 nous interroger sur la fa\u00e7on dont vivent ici nos personnes \u00e2g\u00e9es, quel regard nous portons sur la vieillesse et aussi quelles actions, si modestes soient-elles, nous pouvons impulser autour de nous.<\/p>\n<h3 align=\"justify\"><span style=\"color: #ff6600;\">En somme, vous souhaitez laisser entrevoir que nous sommes responsables ?<\/span><\/h3>\n<p align=\"justify\">Oui, laisser entrevoir que nous sommes responsables de nos pens\u00e9es, de nos choix et cr\u00e9ateurs de nos vies est la trace que nous esp\u00e9rons laisser apr\u00e8s notre spectacle.<\/p>\n<h3 align=\"justify\"><span style=\"color: #ff6600;\">Joli message mais n\u2019est-il pas trop s\u00e9rieux ou, pire, moralisateur\u00a0?<\/span><\/h3>\n<p align=\"justify\">Ce sont des gosses colombiens qui s\u2019expriment et agissent. Leur fra\u00eecheur, leur joie de vivre, leur audace et leur fantaisie dynamisent le r\u00e9cit et rend le spectacle incroyablement vivant. Bien loin de vouloir \u00ab\u00a0faire la morale\u00a0\u00bb ou de mettre en avant les \u00ab\u00a0bons sentiments\u00a0\u00bb, ce qui serait insupportable dans une d\u00e9marche artistique, c&rsquo;est un angle diff\u00e9rent que nous soumettons dans la pi\u00e8ce; celui de cet enfant finalement hautement subversif et embarrassant pour nombre d&rsquo;entre nous et d&rsquo;institutions.<\/p>\n<p align=\"right\"><em>Entretien recueilli lors de la R\u00e9sidence au Th\u00e9\u00e2tre MAC NAB (Vierzon)<\/em><\/p>\n<p align=\"right\"><img loading=\"lazy\" decoding=\"async\" class=\"aligncenter\" src=\"https:\/\/www.car-avan.fr\/images\/pasunange\/final1.jpg\" alt=\"\" width=\"313\" height=\"250\" hspace=\"10\" \/><\/p>\n<p align=\"right\"><span style=\"color: #ff6600;\"><img loading=\"lazy\" decoding=\"async\" class=\"alignright\" src=\"https:\/\/www.car-avan.fr\/images\/pasunange\/p3.jpg\" alt=\"\" width=\"303\" height=\"242\" hspace=\"1\" \/><\/span><strong><img loading=\"lazy\" decoding=\"async\" src=\"https:\/\/www.car-avan.fr\/images\/pasunange\/final2.jpg\" alt=\"\" width=\"299\" height=\"239\" hspace=\"10\" \/><\/strong><\/p>\n<p style=\"text-align: center;\" align=\"right\"><span style=\"color: #000000;\">Le 1er octobre 2010, au Th\u00e9\u00e2tre Chanzy \u00e0 Angers dans le cadre du Festival \u00ab Les Octovales-Marche pour la Paix\u00a0\u00bb, Car&rsquo;Avan pr\u00e9sente \u00ab Pas un ange&#8230;un enfant, simplement! \u00bb en pr\u00e9sence du petit ange de Colombie, Albeiro Vargas.<\/span><\/p>\n<p align=\"center\"><img loading=\"lazy\" decoding=\"async\" src=\"https:\/\/www.car-avan.fr\/images\/pasunange\/albeiro1.jpg\" alt=\"\" width=\"300\" height=\"225\" hspace=\"10\" \/><img loading=\"lazy\" decoding=\"async\" src=\"https:\/\/www.car-avan.fr\/images\/pasunange\/albeiro2.jpg\" alt=\"\" width=\"300\" height=\"225\" hspace=\"10\" \/><\/p>\n<p align=\"center\"><img loading=\"lazy\" decoding=\"async\" src=\"https:\/\/www.car-avan.fr\/images\/pasunange\/albeiro3.jpg\" alt=\"\" width=\"300\" height=\"225\" hspace=\"10\" \/><img loading=\"lazy\" decoding=\"async\" src=\"https:\/\/www.car-avan.fr\/images\/pasunange\/albeiro4.jpg\" alt=\"\" width=\"300\" height=\"225\" hspace=\"10\" \/><\/p>\n<p style=\"text-align: left;\" align=\"right\"><strong>LIENS<\/strong><\/p>\n<p align=\"justify\">Pour en savoir plus sur l&rsquo;enfant qui a inspir\u00e9 la pi\u00e8ce, se reporter au site <a href=\"http:\/\/www.voixpouralbeiro.com\/\" target=\"_blank\" rel=\"noopener\">\u00ab\u00a0des voix pour Albeiro Vargas\u00a0\u00bb<\/a><\/p>\n<p align=\"justify\"><a href=\"https:\/\/www.car-avan.fr\/wordpress\/spectacles\/pas-un-ange-un-enfant-simplement\/pas-un-ange-notes-de-la-compagnie\/\">Pour en savoir plus sur les relations de Car&rsquo;Avan avec l&rsquo;association \u00ab\u00a0Des voix pour Albeiro Vargas\u00a0\u00bb cliquez ici<\/a><\/p>\n<p align=\"justify\">t\u00e9l\u00e9chargements :<a href=\"https:\/\/www.car-avan.fr\/images\/pasunange\/AffichePASUNANGE.jpg\" target=\"_blank\" rel=\"noopener\"> affiche<\/a> | <a href=\"https:\/\/www.car-avan.fr\/images\/pasunange\/DEPLIANT.pdf\">d\u00e9pliant jeune public<\/a><\/p>\n","protected":false},"excerpt":{"rendered":"<p>PAS UN ANGE \u2026 UN ENFANT, SIMPLEMENT! DANSE ET TH\u00c9\u00c2TRE Cr\u00e9ation 2007 Tout Public \u00e0 partir de 8 ans 1h20 sans entracte Car\u2019Avan a aussi con\u00e7u \u00e0 l\u2019intention du Jeune Public une version adapt\u00e9e aux enfants (\u00e0 partir de 6 &hellip; <a href=\"https:\/\/www.car-avan.fr\/?page_id=55\">Continuer la lecture <span class=\"meta-nav\">&rarr;<\/span><\/a><\/p>\n","protected":false},"author":1,"featured_media":0,"parent":6,"menu_order":0,"comment_status":"closed","ping_status":"closed","template":"","meta":{"footnotes":""},"_links":{"self":[{"href":"https:\/\/www.car-avan.fr\/index.php?rest_route=\/wp\/v2\/pages\/55"}],"collection":[{"href":"https:\/\/www.car-avan.fr\/index.php?rest_route=\/wp\/v2\/pages"}],"about":[{"href":"https:\/\/www.car-avan.fr\/index.php?rest_route=\/wp\/v2\/types\/page"}],"author":[{"embeddable":true,"href":"https:\/\/www.car-avan.fr\/index.php?rest_route=\/wp\/v2\/users\/1"}],"replies":[{"embeddable":true,"href":"https:\/\/www.car-avan.fr\/index.php?rest_route=%2Fwp%2Fv2%2Fcomments&post=55"}],"version-history":[{"count":15,"href":"https:\/\/www.car-avan.fr\/index.php?rest_route=\/wp\/v2\/pages\/55\/revisions"}],"predecessor-version":[{"id":1142,"href":"https:\/\/www.car-avan.fr\/index.php?rest_route=\/wp\/v2\/pages\/55\/revisions\/1142"}],"up":[{"embeddable":true,"href":"https:\/\/www.car-avan.fr\/index.php?rest_route=\/wp\/v2\/pages\/6"}],"wp:attachment":[{"href":"https:\/\/www.car-avan.fr\/index.php?rest_route=%2Fwp%2Fv2%2Fmedia&parent=55"}],"curies":[{"name":"wp","href":"https:\/\/api.w.org\/{rel}","templated":true}]}}