{"id":53,"date":"2017-03-05T19:10:43","date_gmt":"2017-03-05T18:10:43","guid":{"rendered":"http:\/\/www.car-avan.fr\/wordpress\/?page_id=53"},"modified":"2017-03-06T03:16:57","modified_gmt":"2017-03-06T02:16:57","slug":"mon-enfant-mon-royaume","status":"publish","type":"page","link":"https:\/\/www.car-avan.fr\/?page_id=53","title":{"rendered":"Mon enfant mon Royaume"},"content":{"rendered":"<h1 style=\"text-align: left;\"><span style=\"color: #000000;\"><b><span style=\"font-family: Gadugi;\"><a href=\"https:\/\/www.car-avan.fr\/wordpress\/wp-content\/uploads\/2017\/03\/coquelicot-au-loin141-Copie-Copie.jpg\"><img loading=\"lazy\" decoding=\"async\" class=\"size-medium wp-image-265 alignright\" src=\"https:\/\/www.car-avan.fr\/wordpress\/wp-content\/uploads\/2017\/03\/coquelicot-au-loin141-Copie-Copie-199x300.jpg\" alt=\"\" width=\"199\" height=\"300\" srcset=\"https:\/\/www.car-avan.fr\/wordpress\/wp-content\/uploads\/2017\/03\/coquelicot-au-loin141-Copie-Copie-199x300.jpg 199w, https:\/\/www.car-avan.fr\/wordpress\/wp-content\/uploads\/2017\/03\/coquelicot-au-loin141-Copie-Copie-768x1156.jpg 768w, https:\/\/www.car-avan.fr\/wordpress\/wp-content\/uploads\/2017\/03\/coquelicot-au-loin141-Copie-Copie-680x1024.jpg 680w, https:\/\/www.car-avan.fr\/wordpress\/wp-content\/uploads\/2017\/03\/coquelicot-au-loin141-Copie-Copie.jpg 1063w\" sizes=\"(max-width: 199px) 100vw, 199px\" \/><\/a><a href=\"https:\/\/www.car-avan.fr\/wordpress\/wp-content\/uploads\/2017\/03\/photo-3097-1.jpg\"><img loading=\"lazy\" decoding=\"async\" class=\"alignnone size-medium wp-image-257\" src=\"https:\/\/www.car-avan.fr\/wordpress\/wp-content\/uploads\/2017\/03\/photo-3097-1-201x300.jpg\" alt=\"\" width=\"201\" height=\"300\" srcset=\"https:\/\/www.car-avan.fr\/wordpress\/wp-content\/uploads\/2017\/03\/photo-3097-1-201x300.jpg 201w, https:\/\/www.car-avan.fr\/wordpress\/wp-content\/uploads\/2017\/03\/photo-3097-1-768x1145.jpg 768w, https:\/\/www.car-avan.fr\/wordpress\/wp-content\/uploads\/2017\/03\/photo-3097-1-687x1024.jpg 687w, https:\/\/www.car-avan.fr\/wordpress\/wp-content\/uploads\/2017\/03\/photo-3097-1.jpg 805w\" sizes=\"(max-width: 201px) 100vw, 201px\" \/><\/a><\/span><\/b><\/span><\/h1>\n<h1 style=\"text-align: left;\"><span style=\"color: #000000;\"><b><span style=\"font-family: Gadugi;\">MON ENFANT, MON ROYAUME<\/span><\/b><\/span><\/h1>\n<h2><span style=\"font-family: Gadugi;\"><strong>Danse et Th\u00e9\u00e2tre<\/strong> <\/span><\/h2>\n<h3><strong><span style=\"font-family: Gadugi;\">Libre adaptation de \u00ab\u00a0L\u2019Empereur du Portugal\u00a0\u00bb de Selma L\u00e4gerlohf (Prix Nobel de Litt\u00e9rature)<\/span><\/strong><\/h3>\n<p><span style=\"font-family: Gadugi;\">Cr\u00e9ation 2001 <\/span><\/p>\n<p><span style=\"font-family: Gadugi;\"><img loading=\"lazy\" decoding=\"async\" class=\"aligncenter\" src=\"https:\/\/www.car-avan.fr\/images\/monenfantmonroyaume\/I6.jpg\" alt=\"\" width=\"504\" height=\"257\" \/><\/span><\/p>\n<hr \/>\n<p><span style=\"font-family: Gadugi;\"><strong>Con\u00e7u et interpr\u00e9t\u00e9 par<\/strong> Thierry Sirou et Laurence Couzinet-Letchimy<\/span><\/p>\n<p><span style=\"font-family: Gadugi;\"><strong>Aide \u00e0 la mise en sc\u00e8ne<\/strong> (pour le th\u00e9\u00e2tre): Fr\u00e9d\u00e9rick Salard<\/span><\/p>\n<p><span style=\"font-family: Gadugi;\"><strong>Bande son<\/strong>: C\u00e9dric Billard<\/span><\/p>\n<p><span style=\"font-family: Gadugi;\"><strong>Costumes<\/strong>: Maryl\u00e8ne Joly Pascal<\/span><\/p>\n<p><img loading=\"lazy\" decoding=\"async\" src=\"https:\/\/www.car-avan.fr\/images\/monenfantmonroyaume\/photo-9103.jpg\" alt=\"\" width=\"291\" height=\"197\" hspace=\"20\" \/><img loading=\"lazy\" decoding=\"async\" class=\"alignright\" src=\"https:\/\/www.car-avan.fr\/images\/monenfantmonroyaume\/pousse.jpg\" alt=\"\" width=\"293\" height=\"200\" border=\"0\" hspace=\"20\" \/><\/p>\n<p><span style=\"color: #000000;\"><strong><span style=\"font-family: Gadugi;\">A \u00e9t\u00e9 r\u00e9compens\u00e9e en 2001 du \u00ab\u00a0Prix du Public\u00a0\u00bb au concours chor\u00e9graphique international, \u00ab\u00a0Les Synodales\u00a0\u00bb.<\/span><\/strong><\/span><\/p>\n<p><a href=\"https:\/\/www.car-avan.fr\/wordpress\/wp-content\/uploads\/2017\/03\/Prix-Public-2001051.jpg\"><img loading=\"lazy\" decoding=\"async\" class=\"wp-image-243 aligncenter\" src=\"https:\/\/www.car-avan.fr\/wordpress\/wp-content\/uploads\/2017\/03\/Prix-Public-2001051-300x219.jpg\" alt=\"\" width=\"301\" height=\"220\" srcset=\"https:\/\/www.car-avan.fr\/wordpress\/wp-content\/uploads\/2017\/03\/Prix-Public-2001051-300x219.jpg 300w, https:\/\/www.car-avan.fr\/wordpress\/wp-content\/uploads\/2017\/03\/Prix-Public-2001051-768x561.jpg 768w, https:\/\/www.car-avan.fr\/wordpress\/wp-content\/uploads\/2017\/03\/Prix-Public-2001051-1024x748.jpg 1024w, https:\/\/www.car-avan.fr\/wordpress\/wp-content\/uploads\/2017\/03\/Prix-Public-2001051.jpg 1557w\" sizes=\"(max-width: 301px) 100vw, 301px\" \/><\/a><\/p>\n<p><b><span style=\"font-family: Gadugi;\">L\u2019HISTOIRE<\/span><\/b><\/p>\n<p><span style=\"font-family: Gadugi;\">Sur une terre de for\u00eats, de l\u00e9gendes et de croyance, Louis et Constance, pauvres paysans, mettent au monde une petite fille, Coquelicot.<\/span><\/p>\n<p><span style=\"font-family: Gadugi;\">La mis\u00e8re qu\u2019ils vivent au quotidien les contraint \u00e0 laisser partir leur fille bien-aim\u00e9e afin que celle-ci les aide \u00e0 rassembler l\u2019argent qui leur manque tant. Coquelicot r\u00e9ussit \u00e0 r\u00e9unir la somme mais au lieu de revenir le leur apporter, elle l\u2019envoie sans plus donner de nouvelles pendant 15 ans.<\/span><\/p>\n<p><span style=\"font-family: Gadugi;\">La tristesse qui accable le couple, particuli\u00e8rement le p\u00e8re, est le nerf de la pi\u00e8ce\u00a0; un p\u00e8re qui contourne son attente et sublime sa douleur en pr\u00eatant au silence de sa fille une explication des plus insens\u00e9es.<\/span><\/p>\n<p><span style=\"font-family: Gadugi;\">D\u00e9raisonnable, transfigur\u00e9, fou, illumin\u00e9, il\u00a0est aussi celui qui irradie un amour inconditionnel, une confiance absolue, un sens du merveilleux dont aucun personnage alentour ne ressort intact\u2026<\/span><\/p>\n<p><span style=\"font-family: Gadugi;\">\u00a0<span style=\"color: #000000;\"><a href=\"https:\/\/www.car-avan.fr\/wordpress\/wp-content\/uploads\/2017\/03\/photo-2096.jpg\"><img loading=\"lazy\" decoding=\"async\" class=\"wp-image-264 aligncenter\" src=\"https:\/\/www.car-avan.fr\/wordpress\/wp-content\/uploads\/2017\/03\/photo-2096-300x200.jpg\" alt=\"\" width=\"430\" height=\"286\" srcset=\"https:\/\/www.car-avan.fr\/wordpress\/wp-content\/uploads\/2017\/03\/photo-2096-300x200.jpg 300w, https:\/\/www.car-avan.fr\/wordpress\/wp-content\/uploads\/2017\/03\/photo-2096-768x513.jpg 768w, https:\/\/www.car-avan.fr\/wordpress\/wp-content\/uploads\/2017\/03\/photo-2096-1024x684.jpg 1024w, https:\/\/www.car-avan.fr\/wordpress\/wp-content\/uploads\/2017\/03\/photo-2096.jpg 1600w\" sizes=\"(max-width: 430px) 100vw, 430px\" \/><\/a><a href=\"https:\/\/www.car-avan.fr\/wordpress\/wp-content\/uploads\/2017\/03\/photo-1095.jpg\"><img loading=\"lazy\" decoding=\"async\" class=\"wp-image-261 aligncenter\" src=\"https:\/\/www.car-avan.fr\/wordpress\/wp-content\/uploads\/2017\/03\/photo-1095-300x203.jpg\" alt=\"\" width=\"432\" height=\"292\" srcset=\"https:\/\/www.car-avan.fr\/wordpress\/wp-content\/uploads\/2017\/03\/photo-1095-300x203.jpg 300w, https:\/\/www.car-avan.fr\/wordpress\/wp-content\/uploads\/2017\/03\/photo-1095-768x519.jpg 768w, https:\/\/www.car-avan.fr\/wordpress\/wp-content\/uploads\/2017\/03\/photo-1095-1024x692.jpg 1024w, https:\/\/www.car-avan.fr\/wordpress\/wp-content\/uploads\/2017\/03\/photo-1095.jpg 1600w\" sizes=\"(max-width: 432px) 100vw, 432px\" \/><\/a><a href=\"https:\/\/www.car-avan.fr\/wordpress\/wp-content\/uploads\/2017\/03\/photo-7101.jpg\"><img loading=\"lazy\" decoding=\"async\" class=\"wp-image-262 aligncenter\" src=\"https:\/\/www.car-avan.fr\/wordpress\/wp-content\/uploads\/2017\/03\/photo-7101-300x203.jpg\" alt=\"\" width=\"426\" height=\"288\" srcset=\"https:\/\/www.car-avan.fr\/wordpress\/wp-content\/uploads\/2017\/03\/photo-7101-300x203.jpg 300w, https:\/\/www.car-avan.fr\/wordpress\/wp-content\/uploads\/2017\/03\/photo-7101-768x520.jpg 768w, https:\/\/www.car-avan.fr\/wordpress\/wp-content\/uploads\/2017\/03\/photo-7101-1024x694.jpg 1024w, https:\/\/www.car-avan.fr\/wordpress\/wp-content\/uploads\/2017\/03\/photo-7101.jpg 1600w\" sizes=\"(max-width: 426px) 100vw, 426px\" \/><\/a><a href=\"https:\/\/www.car-avan.fr\/wordpress\/wp-content\/uploads\/2017\/03\/photo-14108.jpg\"><img loading=\"lazy\" decoding=\"async\" class=\"wp-image-258 alignleft\" src=\"https:\/\/www.car-avan.fr\/wordpress\/wp-content\/uploads\/2017\/03\/photo-14108-205x300.jpg\" alt=\"\" width=\"297\" height=\"435\" srcset=\"https:\/\/www.car-avan.fr\/wordpress\/wp-content\/uploads\/2017\/03\/photo-14108-205x300.jpg 205w, https:\/\/www.car-avan.fr\/wordpress\/wp-content\/uploads\/2017\/03\/photo-14108-768x1124.jpg 768w, https:\/\/www.car-avan.fr\/wordpress\/wp-content\/uploads\/2017\/03\/photo-14108-700x1024.jpg 700w, https:\/\/www.car-avan.fr\/wordpress\/wp-content\/uploads\/2017\/03\/photo-14108.jpg 1093w\" sizes=\"(max-width: 297px) 100vw, 297px\" \/><\/a><\/span><\/span><\/p>\n<p><span style=\"font-family: Gadugi;\"><a href=\"https:\/\/www.car-avan.fr\/wordpress\/wp-content\/uploads\/2017\/03\/photo-5099.jpg\"><img loading=\"lazy\" decoding=\"async\" class=\"wp-image-260 alignright\" src=\"https:\/\/www.car-avan.fr\/wordpress\/wp-content\/uploads\/2017\/03\/photo-5099-300x203.jpg\" alt=\"\" width=\"292\" height=\"198\" srcset=\"https:\/\/www.car-avan.fr\/wordpress\/wp-content\/uploads\/2017\/03\/photo-5099-300x203.jpg 300w, https:\/\/www.car-avan.fr\/wordpress\/wp-content\/uploads\/2017\/03\/photo-5099-768x519.jpg 768w, https:\/\/www.car-avan.fr\/wordpress\/wp-content\/uploads\/2017\/03\/photo-5099-1024x692.jpg 1024w, https:\/\/www.car-avan.fr\/wordpress\/wp-content\/uploads\/2017\/03\/photo-5099.jpg 1600w\" sizes=\"(max-width: 292px) 100vw, 292px\" \/><\/a><a href=\"https:\/\/www.car-avan.fr\/wordpress\/wp-content\/uploads\/2017\/03\/photo-8102.jpg\"><img loading=\"lazy\" decoding=\"async\" class=\"alignnone wp-image-263 \" src=\"https:\/\/www.car-avan.fr\/wordpress\/wp-content\/uploads\/2017\/03\/photo-8102-300x203.jpg\" width=\"315\" height=\"213\" srcset=\"https:\/\/www.car-avan.fr\/wordpress\/wp-content\/uploads\/2017\/03\/photo-8102-300x203.jpg 300w, https:\/\/www.car-avan.fr\/wordpress\/wp-content\/uploads\/2017\/03\/photo-8102-768x519.jpg 768w, https:\/\/www.car-avan.fr\/wordpress\/wp-content\/uploads\/2017\/03\/photo-8102-1024x692.jpg 1024w, https:\/\/www.car-avan.fr\/wordpress\/wp-content\/uploads\/2017\/03\/photo-8102.jpg 1600w\" sizes=\"(max-width: 315px) 100vw, 315px\" \/><\/a><\/span><\/p>\n<p><strong><span style=\"color: #333333; font-family: Gadugi; font-size: medium;\"><b>PRESSE<\/b><\/span><\/strong><\/p>\n<p><a href=\"https:\/\/www.car-avan.fr\/wordpress\/wp-content\/uploads\/2015\/09\/Mon-enfant-mon-royaume-Critique-MadidinArt-page-1.jpg\"><img loading=\"lazy\" decoding=\"async\" class=\"size-medium wp-image-235 aligncenter\" src=\"https:\/\/www.car-avan.fr\/wordpress\/wp-content\/uploads\/2015\/09\/Mon-enfant-mon-royaume-Critique-MadidinArt-page-1-218x300.jpg\" alt=\"\" width=\"218\" height=\"300\" srcset=\"https:\/\/www.car-avan.fr\/wordpress\/wp-content\/uploads\/2015\/09\/Mon-enfant-mon-royaume-Critique-MadidinArt-page-1-218x300.jpg 218w, https:\/\/www.car-avan.fr\/wordpress\/wp-content\/uploads\/2015\/09\/Mon-enfant-mon-royaume-Critique-MadidinArt-page-1-768x1056.jpg 768w, https:\/\/www.car-avan.fr\/wordpress\/wp-content\/uploads\/2015\/09\/Mon-enfant-mon-royaume-Critique-MadidinArt-page-1-745x1024.jpg 745w\" sizes=\"(max-width: 218px) 100vw, 218px\" \/><\/a><\/p>\n<p><a href=\"https:\/\/www.car-avan.fr\/wordpress\/wp-content\/uploads\/2015\/09\/Mon-enfant-mon-royaume-Critique-MadidinArt-page-2.jpg\"><img loading=\"lazy\" decoding=\"async\" class=\"size-medium wp-image-236 aligncenter\" src=\"https:\/\/www.car-avan.fr\/wordpress\/wp-content\/uploads\/2015\/09\/Mon-enfant-mon-royaume-Critique-MadidinArt-page-2-218x300.jpg\" alt=\"\" width=\"218\" height=\"300\" srcset=\"https:\/\/www.car-avan.fr\/wordpress\/wp-content\/uploads\/2015\/09\/Mon-enfant-mon-royaume-Critique-MadidinArt-page-2-218x300.jpg 218w, https:\/\/www.car-avan.fr\/wordpress\/wp-content\/uploads\/2015\/09\/Mon-enfant-mon-royaume-Critique-MadidinArt-page-2-768x1056.jpg 768w, https:\/\/www.car-avan.fr\/wordpress\/wp-content\/uploads\/2015\/09\/Mon-enfant-mon-royaume-Critique-MadidinArt-page-2-745x1024.jpg 745w\" sizes=\"(max-width: 218px) 100vw, 218px\" \/><\/a><\/p>\n<p><a href=\"https:\/\/www.car-avan.fr\/wordpress\/wp-content\/uploads\/2015\/09\/Th\u00e9\u00e2tre-C\u00e9saire-France-Antilles-Mon-enfant-mon-royaume.jpg\"><img loading=\"lazy\" decoding=\"async\" class=\"size-medium wp-image-239 aligncenter\" src=\"https:\/\/www.car-avan.fr\/wordpress\/wp-content\/uploads\/2015\/09\/Th\u00e9\u00e2tre-C\u00e9saire-France-Antilles-Mon-enfant-mon-royaume-235x300.jpg\" alt=\"\" width=\"235\" height=\"300\" srcset=\"https:\/\/www.car-avan.fr\/wordpress\/wp-content\/uploads\/2015\/09\/Th\u00e9\u00e2tre-C\u00e9saire-France-Antilles-Mon-enfant-mon-royaume-235x300.jpg 235w, https:\/\/www.car-avan.fr\/wordpress\/wp-content\/uploads\/2015\/09\/Th\u00e9\u00e2tre-C\u00e9saire-France-Antilles-Mon-enfant-mon-royaume-768x980.jpg 768w, https:\/\/www.car-avan.fr\/wordpress\/wp-content\/uploads\/2015\/09\/Th\u00e9\u00e2tre-C\u00e9saire-France-Antilles-Mon-enfant-mon-royaume-802x1024.jpg 802w\" sizes=\"(max-width: 235px) 100vw, 235px\" \/><\/a><\/p>\n<p><a href=\"https:\/\/www.car-avan.fr\/wordpress\/wp-content\/uploads\/2015\/09\/article-alsace055.jpg\"><img loading=\"lazy\" decoding=\"async\" class=\"size-medium wp-image-237 aligncenter\" src=\"https:\/\/www.car-avan.fr\/wordpress\/wp-content\/uploads\/2015\/09\/article-alsace055-142x300.jpg\" alt=\"\" width=\"142\" height=\"300\" srcset=\"https:\/\/www.car-avan.fr\/wordpress\/wp-content\/uploads\/2015\/09\/article-alsace055-142x300.jpg 142w, https:\/\/www.car-avan.fr\/wordpress\/wp-content\/uploads\/2015\/09\/article-alsace055-484x1024.jpg 484w, https:\/\/www.car-avan.fr\/wordpress\/wp-content\/uploads\/2015\/09\/article-alsace055.jpg 572w\" sizes=\"(max-width: 142px) 100vw, 142px\" \/><\/a><\/p>\n<p><a href=\"https:\/\/www.car-avan.fr\/wordpress\/wp-content\/uploads\/2017\/03\/photo-4098.jpg\"><img loading=\"lazy\" decoding=\"async\" class=\"alignnone size-medium wp-image-266\" src=\"https:\/\/www.car-avan.fr\/wordpress\/wp-content\/uploads\/2017\/03\/photo-4098-300x204.jpg\" alt=\"\" width=\"300\" height=\"204\" srcset=\"https:\/\/www.car-avan.fr\/wordpress\/wp-content\/uploads\/2017\/03\/photo-4098-300x204.jpg 300w, https:\/\/www.car-avan.fr\/wordpress\/wp-content\/uploads\/2017\/03\/photo-4098-768x522.jpg 768w, https:\/\/www.car-avan.fr\/wordpress\/wp-content\/uploads\/2017\/03\/photo-4098-1024x696.jpg 1024w, https:\/\/www.car-avan.fr\/wordpress\/wp-content\/uploads\/2017\/03\/photo-4098.jpg 1600w\" sizes=\"(max-width: 300px) 100vw, 300px\" \/><\/a><a href=\"https:\/\/www.car-avan.fr\/wordpress\/wp-content\/uploads\/2017\/03\/photo-2096.jpg\"><img loading=\"lazy\" decoding=\"async\" class=\"wp-image-264 alignright\" src=\"https:\/\/www.car-avan.fr\/wordpress\/wp-content\/uploads\/2017\/03\/photo-2096-300x200.jpg\" alt=\"\" width=\"306\" height=\"204\" srcset=\"https:\/\/www.car-avan.fr\/wordpress\/wp-content\/uploads\/2017\/03\/photo-2096-300x200.jpg 300w, https:\/\/www.car-avan.fr\/wordpress\/wp-content\/uploads\/2017\/03\/photo-2096-768x513.jpg 768w, https:\/\/www.car-avan.fr\/wordpress\/wp-content\/uploads\/2017\/03\/photo-2096-1024x684.jpg 1024w, https:\/\/www.car-avan.fr\/wordpress\/wp-content\/uploads\/2017\/03\/photo-2096.jpg 1600w\" sizes=\"(max-width: 306px) 100vw, 306px\" \/><\/a><\/p>\n","protected":false},"excerpt":{"rendered":"<p>MON ENFANT, MON ROYAUME Danse et Th\u00e9\u00e2tre Libre adaptation de \u00ab\u00a0L\u2019Empereur du Portugal\u00a0\u00bb de Selma L\u00e4gerlohf (Prix Nobel de Litt\u00e9rature) Cr\u00e9ation 2001 Con\u00e7u et interpr\u00e9t\u00e9 par Thierry Sirou et Laurence Couzinet-Letchimy Aide \u00e0 la mise en sc\u00e8ne (pour le th\u00e9\u00e2tre): &hellip; <a href=\"https:\/\/www.car-avan.fr\/?page_id=53\">Continuer la lecture <span class=\"meta-nav\">&rarr;<\/span><\/a><\/p>\n","protected":false},"author":1,"featured_media":0,"parent":6,"menu_order":0,"comment_status":"closed","ping_status":"closed","template":"","meta":{"footnotes":""},"_links":{"self":[{"href":"https:\/\/www.car-avan.fr\/index.php?rest_route=\/wp\/v2\/pages\/53"}],"collection":[{"href":"https:\/\/www.car-avan.fr\/index.php?rest_route=\/wp\/v2\/pages"}],"about":[{"href":"https:\/\/www.car-avan.fr\/index.php?rest_route=\/wp\/v2\/types\/page"}],"author":[{"embeddable":true,"href":"https:\/\/www.car-avan.fr\/index.php?rest_route=\/wp\/v2\/users\/1"}],"replies":[{"embeddable":true,"href":"https:\/\/www.car-avan.fr\/index.php?rest_route=%2Fwp%2Fv2%2Fcomments&post=53"}],"version-history":[{"count":10,"href":"https:\/\/www.car-avan.fr\/index.php?rest_route=\/wp\/v2\/pages\/53\/revisions"}],"predecessor-version":[{"id":268,"href":"https:\/\/www.car-avan.fr\/index.php?rest_route=\/wp\/v2\/pages\/53\/revisions\/268"}],"up":[{"embeddable":true,"href":"https:\/\/www.car-avan.fr\/index.php?rest_route=\/wp\/v2\/pages\/6"}],"wp:attachment":[{"href":"https:\/\/www.car-avan.fr\/index.php?rest_route=%2Fwp%2Fv2%2Fmedia&parent=53"}],"curies":[{"name":"wp","href":"https:\/\/api.w.org\/{rel}","templated":true}]}}