{"id":50,"date":"2015-09-24T10:25:38","date_gmt":"2015-09-24T08:25:38","guid":{"rendered":"http:\/\/www.car-avan.fr\/wordpress\/?page_id=50"},"modified":"2015-09-24T10:25:38","modified_gmt":"2015-09-24T08:25:38","slug":"contact-2","status":"publish","type":"page","link":"https:\/\/www.car-avan.fr\/?page_id=50","title":{"rendered":"Contact"},"content":{"rendered":"<p>Pour nous contacter :<\/p>\n<p><a href=\"https:\/\/www.car-avan.fr\/wordpress\/email\/\">par mail, cliquez ici pour acc\u00e9der \u00e0 notre formulaire d&rsquo;envoi s\u00e9curis\u00e9<\/a><\/p>\n<p><a href=\"https:\/\/www.car-avan.fr\/wordpress\/contact\/\">Pour nos coordonn\u00e9es compl\u00e8tes, cliquez ici.<\/a><\/p>\n","protected":false},"excerpt":{"rendered":"<p>Pour nous contacter : par mail, cliquez ici pour acc\u00e9der \u00e0 notre formulaire d&rsquo;envoi s\u00e9curis\u00e9 Pour nos coordonn\u00e9es compl\u00e8tes, cliquez ici.<\/p>\n","protected":false},"author":1,"featured_media":0,"parent":0,"menu_order":0,"comment_status":"closed","ping_status":"closed","template":"","meta":{"footnotes":""},"_links":{"self":[{"href":"https:\/\/www.car-avan.fr\/index.php?rest_route=\/wp\/v2\/pages\/50"}],"collection":[{"href":"https:\/\/www.car-avan.fr\/index.php?rest_route=\/wp\/v2\/pages"}],"about":[{"href":"https:\/\/www.car-avan.fr\/index.php?rest_route=\/wp\/v2\/types\/page"}],"author":[{"embeddable":true,"href":"https:\/\/www.car-avan.fr\/index.php?rest_route=\/wp\/v2\/users\/1"}],"replies":[{"embeddable":true,"href":"https:\/\/www.car-avan.fr\/index.php?rest_route=%2Fwp%2Fv2%2Fcomments&post=50"}],"version-history":[{"count":1,"href":"https:\/\/www.car-avan.fr\/index.php?rest_route=\/wp\/v2\/pages\/50\/revisions"}],"predecessor-version":[{"id":51,"href":"https:\/\/www.car-avan.fr\/index.php?rest_route=\/wp\/v2\/pages\/50\/revisions\/51"}],"wp:attachment":[{"href":"https:\/\/www.car-avan.fr\/index.php?rest_route=%2Fwp%2Fv2%2Fmedia&parent=50"}],"curies":[{"name":"wp","href":"https:\/\/api.w.org\/{rel}","templated":true}]}}