{"id":494,"date":"2018-10-23T09:15:38","date_gmt":"2018-10-23T07:15:38","guid":{"rendered":"http:\/\/www.car-avan.fr\/wordpress\/?page_id=494"},"modified":"2019-10-02T20:58:54","modified_gmt":"2019-10-02T18:58:54","slug":"amiosphere","status":"publish","type":"page","link":"https:\/\/www.car-avan.fr\/?page_id=494","title":{"rendered":"Amniosph\u00e8re"},"content":{"rendered":"<hr \/>\n<p><a href=\"https:\/\/www.car-avan.fr\/wordpress\/wp-content\/uploads\/2018\/06\/Recto-Amniosph\u00e8re-01.jpg\"><img loading=\"lazy\" decoding=\"async\" class=\" wp-image-642 aligncenter\" src=\"https:\/\/www.car-avan.fr\/wordpress\/wp-content\/uploads\/2018\/06\/Recto-Amniosph\u00e8re-01-203x300.jpg\" alt=\"\" width=\"370\" height=\"547\" srcset=\"https:\/\/www.car-avan.fr\/wordpress\/wp-content\/uploads\/2018\/06\/Recto-Amniosph\u00e8re-01-203x300.jpg 203w, https:\/\/www.car-avan.fr\/wordpress\/wp-content\/uploads\/2018\/06\/Recto-Amniosph\u00e8re-01-768x1137.jpg 768w, https:\/\/www.car-avan.fr\/wordpress\/wp-content\/uploads\/2018\/06\/Recto-Amniosph\u00e8re-01-692x1024.jpg 692w, https:\/\/www.car-avan.fr\/wordpress\/wp-content\/uploads\/2018\/06\/Recto-Amniosph\u00e8re-01.jpg 1638w\" sizes=\"(max-width: 370px) 100vw, 370px\" \/><\/a><\/p>\n<p style=\"text-align: center;\"><span style=\"color: #000000;\"><span style=\"font-size: large;\"><b>DANSE\u00a0&amp;\u00a0TH\u00c9\u00c2TRE<\/b><\/span><\/span><\/p>\n<p style=\"text-align: center;\"><span style=\"color: #000000;\">Cr\u00e9ation 2017\u00a0<\/span><\/p>\n<p style=\"text-align: center;\"><span style=\"color: #000000;\"><span style=\"font-family: Gadugi, sans-serif;\"><span style=\"font-size: medium;\"><strong>Avec le soutien<\/strong> du Minist\u00e8re de la Culture et de la communication &#8211; Direction des affaires culturelles de Martinique (DAC Martinique), de la Collectivit\u00e9 Territoriale de Martinique (CTM) &amp; le Th\u00e9\u00e2tre Aim\u00e9 C\u00e9saire de Fort de France &amp; e<\/span><\/span><\/span>n coproduction avec \u00ab\u00a0Le petit th\u00e9\u00e2tre de Redoute\u00a0\u00bb<\/p>\n<h3 style=\"text-align: left;\" align=\"LEFT\"><\/h3>\n<h3 style=\"text-align: center;\" align=\"LEFT\"><span style=\"color: #000000;\"><strong>TOUT PUBLIC \u00e0 partir de 12 ans<\/strong><\/span><\/h3>\n<hr \/>\n<p style=\"text-align: center;\" align=\"LEFT\"><strong>Mise en sc\u00e8ne\u00a0&amp; chor\u00e9graphie<\/strong> : Thierry Sirou<\/p>\n<p style=\"text-align: center;\"><strong>Ecriture<\/strong>: Laurence Couzinet-Letchimy et Thierry Sirou<\/p>\n<p style=\"text-align: center;\"><strong>Interpr\u00e8te<\/strong>s: Laurence Couzinet-Letchimy &#8211;\u00a0Jean l&rsquo;Oc\u00e9an<\/p>\n<p style=\"text-align: center;\"><strong>\u00a0Cr\u00e9ation Lumi\u00e8re<\/strong>\u00a0:\u00a0Viviane Vermignon<\/p>\n<p style=\"text-align: center;\"><strong>Bande-son<\/strong>\u00a0: C\u00e9dric Billard<\/p>\n<p style=\"text-align: center;\"><strong>Sculpture<\/strong> de Pauline Ohrel<\/p>\n<p style=\"text-align: center;\" align=\"CENTER\"><strong>Remerciements<\/strong> pour les voix de Mona Letchimy (<em>La \u00ab\u00a0petite \u00e2me\u00a0\u00bb<\/em>), de Marie-Claude Billard, Patrick Billard, Maryl\u00e8ne Joly-Pascal, C\u00e9dric Billard \u00a0et Lucille Billard (<em>\u00ab\u00a0les locataires\u00a0\u00bb<\/em>)<\/p>\n<p style=\"text-align: center;\" align=\"CENTER\"><strong>Dur\u00e9e<\/strong>: 1h<\/p>\n<p align=\"CENTER\"><span style=\"color: #000000;\"><span style=\"font-family: Gadugi, sans-serif;\"><span style=\"font-size: x-large;\"><b>LE SUJET DE LA PI\u00c8CE<\/b><\/span><\/span><\/span><\/p>\n<p align=\"LEFT\"><span style=\"font-family: Gadugi, sans-serif;\">D\u2019o\u00f9 nous vient la vie\u2026 D\u2019une rencontre, m\u00eame fortuite, entre un homme et une femme\u00a0? <\/span><\/p>\n<p align=\"LEFT\"><span style=\"font-family: Gadugi, sans-serif;\">A moins que ce ne soit une \u00ab petite \u00e2me \u00bb qui d\u00e9cide de s\u2019incarner et parte en qu\u00eate d\u2019un ventre pour s\u2019y d\u00e9velopper ?<\/span><\/p>\n<p align=\"LEFT\"><span style=\"font-family: Gadugi, sans-serif;\">De la conception \u00e0 la d\u00e9livrance, \u00ab\u00a0Amniosph\u00e8re\u00a0\u00bb restitue la prodigieuse amplitude\u00a0<\/span><span style=\"font-family: Gadugi, sans-serif;\">des \u00e9changes \u00e9motionnels et physiques qui relient la m\u00e8re, confront\u00e9e aux al\u00e9as de la vie, et le b\u00e9b\u00e9 \u00e0 na\u00eetre.<\/span><\/p>\n<p align=\"CENTER\"><span style=\"color: #000000;\"><span style=\"font-family: Gadugi, sans-serif;\"><span style=\"font-size: x-large;\"><b>NOTE D&rsquo;INTENTION<\/b><\/span><\/span><\/span><\/p>\n<p align=\"CENTER\"><span style=\"color: #000000;\"><span style=\"font-family: Gadugi, sans-serif;\"><span style=\"font-size: medium;\">\u00ab\u00a0<span style=\"font-family: 'Times New Roman', serif;\"><i><b>Ancienne \u00e9tudiante en facult\u00e9 de m\u00e9decine, je me souviens d&rsquo;avoir \u00e9t\u00e9 \u00e9blouie et captiv\u00e9e par la vie de la cellule. Aucun conte ne me r\u00e9servait autant de surprises ni d&rsquo;\u00e9merveillement. Ainsi, il suffisait simplement d&rsquo;observer les structures du vivant et de l&rsquo;infiniment petit pour \u00eatre emplie d&rsquo;une admiration sans bornes&#8230;<\/b><\/i><\/span>\u00a0\u00bb Laurence Couzinet \/ Co-auteur &amp; Interpr\u00e8te<\/span><\/span><\/span><\/p>\n<p align=\"LEFT\"><span style=\"color: #000000;\"><span style=\"font-family: Gadugi, sans-serif;\"><span style=\"font-size: medium;\">Se pencher sur la vie foetale participe de cette envie de plonger au coeur du myst\u00e8re et d&rsquo;interroger la vie. D&rsquo;o\u00f9 nous vient-elle? Sommes-nous une somme de hasards? Ou n\u00e9s d&rsquo;une d\u00e9cision spirituelle, bien avant que de prendre corps?<\/span><\/span><\/span><\/p>\n<p align=\"LEFT\"><span style=\"color: #000000;\"><span style=\"font-family: Gadugi, sans-serif;\"><span style=\"font-size: medium;\">Est-ce l&rsquo;amour qui donne la vie et pr\u00e9c\u00e8de toutes choses, ou serait-ce la vie qui g\u00e9n\u00e8re de l&rsquo;amour pour se survivre \u00e0 elle-m\u00eame? A moins que ce ne soit les deux qui \u00e9voluent conjointement? <\/span><\/span><\/span><\/p>\n<p align=\"LEFT\"><span style=\"color: #000000;\"><span style=\"font-family: Gadugi, sans-serif;\"><span style=\"font-size: medium;\">Regardez une femme enceinte: ce qui se passe en elle est pur jaillissement. A chaque instant, dans un foisonnement d&rsquo;\u00e9changes, la femme et son foetus communiquent, d\u00e9j\u00e0 \u00e9tablissent un lien affectif et dessinent, sans m\u00eame savoir comment ils le font, les contours d&rsquo;une vie nouvelle. <\/span><\/span><\/span><\/p>\n<p align=\"LEFT\"><span style=\"color: #000000;\"><span style=\"font-family: Gadugi, sans-serif;\"><span style=\"font-size: medium;\">Un miracle ordinaire les traverse. Un magma de sang, d&rsquo;humeurs, de mol\u00e9cules et d&rsquo;hormones palpite et mod\u00e8le cette sublime architecture vivante. L&rsquo;impensable se produit, infiniment complexe, g\u00e9nialement ordonn\u00e9, incroyablement harmonieux. <\/span><\/span><\/span><\/p>\n<p align=\"LEFT\"><span style=\"color: #000000;\"><span style=\"font-family: Gadugi, sans-serif;\"><span style=\"font-size: medium;\">O\u00f9 sont \u00e9crites les lois qui r\u00e9gissent cette danse de la vie? Les scientifiques peuvent en d\u00e9crire le processus, voire mettre en oeuvre les conditions qui lui sont indispensables. <\/span><\/span><\/span><\/p>\n<p align=\"LEFT\"><span style=\"color: #000000;\"><span style=\"font-family: Gadugi, sans-serif;\"><span style=\"font-size: medium;\">Mais que comprend-on vraiment de cette sublime orchestration et qu&rsquo;en reste-t-il dans nos m\u00e9moires?<\/span><\/span><\/span><\/p>\n<p align=\"LEFT\"><span style=\"font-family: Gadugi, sans-serif;\"><span style=\"font-size: medium;\"><span style=\"color: #000000;\">C&rsquo;est toute la vitalit\u00e9 et les paradoxes de cette premi\u00e8re exp\u00e9rience, dans le secret et l&rsquo;intime du ventre maternel, qui sont<\/span><i> <\/i><span style=\"color: #000000;\">explor\u00e9s<\/span><i> <\/i><span style=\"color: #000000;\">comme autant de \u00ab\u00a0petits miracles ordinaires\u00a0\u00bb.<\/span><\/span><\/span><\/p>\n<p align=\"LEFT\"><a href=\"https:\/\/www.car-avan.fr\/wordpress\/wp-content\/uploads\/2017\/08\/8.jpg\"><img loading=\"lazy\" decoding=\"async\" class=\" wp-image-530 aligncenter\" src=\"https:\/\/www.car-avan.fr\/wordpress\/wp-content\/uploads\/2017\/08\/8-300x242.jpg\" alt=\"\" width=\"374\" height=\"302\" srcset=\"https:\/\/www.car-avan.fr\/wordpress\/wp-content\/uploads\/2017\/08\/8-300x242.jpg 300w, https:\/\/www.car-avan.fr\/wordpress\/wp-content\/uploads\/2017\/08\/8-768x619.jpg 768w, https:\/\/www.car-avan.fr\/wordpress\/wp-content\/uploads\/2017\/08\/8-1024x825.jpg 1024w, https:\/\/www.car-avan.fr\/wordpress\/wp-content\/uploads\/2017\/08\/8.jpg 1634w\" sizes=\"(max-width: 374px) 100vw, 374px\" \/><\/a><\/p>\n<p align=\"CENTER\"><span style=\"color: #000000;\"><span style=\"font-family: Gadugi, sans-serif;\"><span style=\"font-size: x-large;\"><b>ECRITURE<\/b><\/span><\/span><\/span><\/p>\n<p align=\"LEFT\"><span style=\"font-family: Gadugi, sans-serif;\"><span style=\"font-size: medium;\">L&rsquo;\u00e9criture de la pi\u00e8ce a demand\u00e9 un soin extr\u00eame. Comment aborder sc\u00e9niquement la vie foetale? Quel angle d&rsquo;attaque prendre pour restituer ce petit monde invisible, minimaliste dans ses manifestations, et surtout ultra-sensible puisque touchant \u00e0 l&rsquo;intime? Tant de cas particuliers et d&rsquo;histoires singuli\u00e8res &#8211; heureuses ou chaotiques -, de destins avort\u00e9s, d&rsquo;accidents de parcours se trament dans le liquide amniotique. Il fallait dire sans heurter, sans juger quiconque qui aurait pu vivre une exp\u00e9rience comme un avortement ou une fausse-couche, sans \u00e9dulcorer non plus l&rsquo;intensit\u00e9 du ph\u00e9nom\u00e8ne.<\/span><\/span><\/p>\n<p align=\"LEFT\"><span style=\"font-family: Gadugi, sans-serif;\"><span style=\"font-size: medium;\">Le parti a \u00e9t\u00e9 pris de s&rsquo;appuyer sur une trilogie: la femme, \u00ab\u00a0La petite \u00e2me\u00a0\u00bb et le foetus autour de laquelle gravite un quatri\u00e8me personnage, l&rsquo;homme.<\/span><\/span><\/p>\n<p align=\"CENTER\"><span style=\"color: #000000;\"><span style=\"font-family: 'Times New Roman', serif;\"><span style=\"font-size: medium;\"><b><i>\u00ab\u00a0Comme l\u2019on quitte des v\u00eatements us\u00e9s pour en prendre de nouveaux, ainsi l\u2019\u00e2me quitte les corps us\u00e9s pour rev\u00eatir de nouveaux corps.\u00a0\u00bb <\/i>Bhagavad G\u00eet\u00e2<\/b><\/span><\/span><\/span><\/p>\n<p align=\"LEFT\"><span style=\"font-family: Gadugi, sans-serif;\"><span style=\"font-size: medium;\">\u00ab\u00a0La petite \u00e2me\u00a0\u00bb, \u00eatre spirituel, cherche un ventre pour s&rsquo;incarner et faire l&rsquo;exp\u00e9rience de la vie . Elle s&rsquo;enthousiasme pour certains couples qu&rsquo;elle observe mais pour diverses raisons (st\u00e9rilit\u00e9, m\u00e9nopause, absence de relations sexuelles, autres projets que d&rsquo;avoir un enfant, &#8230;), son projet de descendre sur Terre ne parvient \u00e0 se concr\u00e9tiser. <\/span><\/span><\/p>\n<p align=\"LEFT\"><span style=\"font-family: Gadugi, sans-serif;\"><span style=\"font-size: medium;\">Une femme pourtant aimerait \u00eatre m\u00e8re mais, coinc\u00e9e entre les quatre murs de sa loge &#8211; elle est concierge de m\u00e9tier- elle n&rsquo;a pas encore rencontr\u00e9 l&rsquo;homme avec qui elle pourrait fonder une famille&#8230;<\/span><\/span><\/p>\n<p align=\"LEFT\"><span style=\"font-family: Gadugi, sans-serif;\"><span style=\"font-size: medium;\">Un soir, un locataire vient frapper \u00e0 sa porte et lui demande si elle peut lui repriser un pantalon&#8230; Timides, maladroits, confus, ces deux-l\u00e0 vont pourtant se rapprocher et le temps d&rsquo;une soir\u00e9e s&rsquo;aimer unissant leurs bouches, leurs corps, m\u00ealant leurs solitudes, leurs esp\u00e9rances et leur amour de la vie.<\/span><\/span><\/p>\n<p align=\"LEFT\"><span style=\"font-family: Gadugi, sans-serif;\"><span style=\"font-size: medium;\">La femme ne le sait pas encore mais il lui restera, de cette rencontre, un enfant qui grandira dans ses entrailles, comblant par l\u00e0-m\u00eame son d\u00e9sir: devenir maman.<\/span><\/span><\/p>\n<p align=\"LEFT\"><span style=\"font-family: Gadugi, sans-serif;\"><span style=\"font-size: medium;\">Elle attend l&rsquo;homme qui lui a dit qu&rsquo;il reviendrait chercher le pantalon qu&rsquo;elle a promis de lui reprIser.<\/span><\/span><\/p>\n<p align=\"LEFT\"><span style=\"font-family: Gadugi, sans-serif;\"><span style=\"font-size: medium;\">Mais les jours passent&#8230;<a href=\"https:\/\/www.car-avan.fr\/wordpress\/wp-content\/uploads\/2017\/08\/3.jpg\"><img loading=\"lazy\" decoding=\"async\" class=\"size-medium wp-image-527 alignright\" src=\"https:\/\/www.car-avan.fr\/wordpress\/wp-content\/uploads\/2017\/08\/3-232x300.jpg\" alt=\"\" width=\"232\" height=\"300\" srcset=\"https:\/\/www.car-avan.fr\/wordpress\/wp-content\/uploads\/2017\/08\/3-232x300.jpg 232w, https:\/\/www.car-avan.fr\/wordpress\/wp-content\/uploads\/2017\/08\/3-768x993.jpg 768w, https:\/\/www.car-avan.fr\/wordpress\/wp-content\/uploads\/2017\/08\/3-792x1024.jpg 792w, https:\/\/www.car-avan.fr\/wordpress\/wp-content\/uploads\/2017\/08\/3.jpg 1167w\" sizes=\"(max-width: 232px) 100vw, 232px\" \/><\/a><\/span><\/span><\/p>\n<p align=\"LEFT\"><span style=\"font-family: Gadugi, sans-serif;\"><span style=\"font-size: medium;\">Puis les mois&#8230;<\/span><\/span><\/p>\n<p align=\"LEFT\"><span style=\"font-family: Gadugi, sans-serif;\"><span style=\"font-size: medium;\">L&rsquo;homme ne revient pas&#8230;.<\/span><\/span><\/p>\n<p align=\"LEFT\"><span style=\"font-family: Gadugi, sans-serif;\"><span style=\"font-size: medium;\">Baignant dans les eaux maternelles, le foetus per\u00e7oit et ressent tout ce qui se joue alors&#8230;. Le d\u00e9sarroi profond de la femme qui se sent d\u00e9laiss\u00e9e, sa panique de se voir donner la vie seule, sans compagnon&#8230;<\/span><\/span><\/p>\n<p align=\"LEFT\"><span style=\"font-family: Gadugi, sans-serif;\"><span style=\"font-size: medium;\">Le foetus souffre, \u00ab\u00a0La petite \u00e2me\u00a0\u00bb, elle, bagarre. La voil\u00e0 qui <span style=\"color: #000000;\">dialogue avec le f\u0153tus lorsque la m\u00e8re en manque de rep\u00e8res glisse pas \u00e0 pas dans la d\u00e9pression. Elle le provoque, lui rappelant le r\u00f4le qu&rsquo;il peut avoir aupr\u00e8s de la femme qui le porte, m\u00eame s&rsquo;il n&rsquo;est pas encore n\u00e9. \u00ab\u00a0La petite \u00e2me\u00a0\u00bb est l&rsquo;instigatrice de ce d\u00e9bat int\u00e9rieur, confrontant m\u00e8re et enfant dans leur compl\u00e9mentarit\u00e9 et leur complexit\u00e9. \u00ab\u00a0La petite \u00e2me\u00a0\u00bb pousse la m\u00e8re dans ses derniers retranchements pour l&#8217;emp\u00eacher de commettre l&rsquo;irr\u00e9parable.<\/span><\/span><\/span><\/p>\n<p align=\"LEFT\"><span style=\"color: #000000;\"><span style=\"font-family: Gadugi, sans-serif;\"><span style=\"font-size: medium;\">L&rsquo;issue est intentionnellement suspendue jusqu&rsquo;\u00e0 la fin du spectacle et tient en haleine le public. Que d\u00e9cidera cette femme? Qui est vraiment cet homme?<\/span><\/span><\/span><\/p>\n<p align=\"CENTER\"><span style=\"color: #000000;\"><span style=\"font-family: Gadugi, sans-serif;\"><span style=\"font-size: x-large;\"><b>MISE EN SCENE<\/b><\/span><\/span><\/span><\/p>\n<p align=\"CENTER\"><span style=\"color: #000000;\"><span style=\"font-family: Gadugi, sans-serif;\"><span style=\"font-size: large;\"><b>Entretien avec Thierry Sirou<\/b><\/span><\/span><\/span><\/p>\n<p align=\"LEFT\"><span style=\"color: #000000;\"><span style=\"font-family: Gadugi, sans-serif;\"><span style=\"font-size: medium;\"><b>L&rsquo;\u00e9nergie de la pi\u00e8ce<\/b><\/span><\/span><\/span><\/p>\n<p align=\"LEFT\"><span style=\"font-family: Gadugi, sans-serif;\"><span style=\"font-size: medium;\">\u00ab\u00a0Amniosph\u00e8re\u00a0\u00bb doit \u00eatre jou\u00e9e d&rsquo;une traite. Il m&rsquo;importait de permettre aux interpr\u00e8tes de sentir la progression dans le processus de sublimation, suivie de l&rsquo;in\u00e9vitable \u00e9rosion de leurs \u00e9motions. <\/span><\/span><\/p>\n<p align=\"LEFT\"><span style=\"font-family: Gadugi, sans-serif;\"><span style=\"font-size: medium;\">J&rsquo;ai surtout eu le souci de permettre au spectateur d&rsquo;\u00eatre touch\u00e9 par la r\u00e9volution qui s&rsquo;op\u00e8re chez les personnages &#8211; des gens simples, ordinaires &#8211; et ce d\u00e8s leur rencontre. <\/span><\/span><\/p>\n<p align=\"LEFT\"><span style=\"color: #000000;\"><span style=\"font-family: Gadugi, sans-serif;\"><span style=\"font-size: medium;\"><b>A propos de \u00ab\u00a0La petite \u00e2me\u00a0\u00bb<\/b><\/span><\/span><\/span><\/p>\n<p align=\"LEFT\"><span style=\"color: #000000;\"><span style=\"font-family: Gadugi, sans-serif;\"><span style=\"font-size: medium;\">Imaginant que \u00ab\u00a0La petite \u00e2me\u00a0\u00bb est de nature c\u00e9leste, intemporelle et immat\u00e9rielle, j&rsquo;ai pourtant choisi de signifier sa pr\u00e9sence sur le plateau. <\/span><\/span><\/span><\/p>\n<p align=\"LEFT\"><span style=\"color: #000000;\"><span style=\"font-family: Gadugi, sans-serif;\"><span style=\"font-size: medium;\">Pauline Ohrel, sculptrice, s&rsquo;est attach\u00e9e au projet et a travaill\u00e9 \u00e0 la repr\u00e9sentation de cette \u00abPetite \u00e2me\u00bb. Ouvrag\u00e9e dans un grillage fin, elle en a l&rsquo;\u00e9lan, la transparence et l&rsquo;\u00e9l\u00e9gante l\u00e9g\u00e8ret\u00e9.<\/span><\/span><\/span><\/p>\n<p><span style=\"color: #000000;\"><span style=\"font-family: Gadugi, sans-serif;\"><span style=\"font-size: medium;\">Le traitement habile de la lumi\u00e8re sur la sculpture ajoute aux \u00e9changes que peut avoir \u00ab\u00a0La petite \u00e2me\u00a0\u00bb avec les autres personnages de la pi\u00e8ce. <\/span><\/span><\/span><\/p>\n<p><span style=\"font-family: Gadugi, sans-serif;\"><span style=\"font-size: medium;\"><span style=\"color: #000000;\">\u00ab\u00a0La petite \u00e2me\u00a0\u00bb s&rsquo;exprime, commente et converse (voix off). Plut\u00f4t que la voix d&rsquo;une enfant, j&rsquo;ai opt\u00e9 pour retenir la voix d&rsquo;une adolescente pour la signifier. Son vocabulaire, son phras\u00e9 apportent du nerf, du r\u00e9alisme et une v\u00e9rit\u00e9 aussi au propos et permettent au public d&rsquo;identifier celle que l&rsquo;on ne voit jamais, mais qui rayonne constamment tout au long de la pi\u00e8ce. <\/span> <\/span><\/span><\/p>\n<p><span style=\"color: #000000;\"><span style=\"font-family: Gadugi, sans-serif;\"><span style=\"font-size: medium;\"><b>Autour de \u00abLa petite \u00e2me\u00bb<\/b>, les deux com\u00e9diens-danseurs incarnent diff\u00e9rents personnages et d\u00e9roulent une histoire dont le th\u00e8me n&rsquo;est autre, finalement, que le d\u00e9sir de vie, l&rsquo;amour entre deux \u00eatres qui ne se connaissent pas ou tr\u00e8s peu, la confusion de leurs sentiments, la mise \u00e0 l&rsquo;\u00e9preuve que constitue une grossesse, la modicit\u00e9 de leurs vies sur lesquelles un projecteur s&rsquo;allumerait tout \u00e0 coup pour en d\u00e9gager la discr\u00e8te gr\u00e2ce.<\/span><\/span><\/span><\/p>\n<p><span style=\"color: #000000;\"><span style=\"font-family: Gadugi, sans-serif;\"><span style=\"font-size: medium;\">Le m\u00e9decin et le narrateur sont deux autres personnages d&rsquo;importance dans la pi\u00e8ce puisque, chacun \u00e0 leur mani\u00e8re, ils accompagnent la femme enceinte. Les discussions ont \u00e9t\u00e9 \u00e2pres au sein de la compagnie pour d\u00e9finir leur place, l&rsquo;\u00e9cueil \u00e9tant de verser dans une fastidieuse \u00e9num\u00e9ration de connaissances scientifiques retra\u00e7ant la vie foetale. Ces deux protagonistes devaient imp\u00e9rativement devenir des personnages \u00e0 part enti\u00e8re pour ne pas faire basculer la pi\u00e8ce au niveau de la simple p\u00e9dagogie. Il s&rsquo;est agi de trouver la bonne distance et, au besoin, de r\u00e9ajuster leur pr\u00e9sence au fil de la cr\u00e9ation , leur fa\u00e7on d&rsquo;\u00eatre, leurs propos pour qu&rsquo;ils participent, de la plus subtile et int\u00e9ressante mani\u00e8re, \u00e0 cette progieuse \u00e9pop\u00e9e et rendent compte de l&rsquo;\u00e9merveillement que tous nous partageons devant la gen\u00e8se de la vie.<\/span><\/span><\/span><\/p>\n<p align=\"LEFT\"><span style=\"color: #000000;\"><span style=\"font-family: Gadugi, sans-serif;\"><span style=\"font-size: medium;\">\u00ab\u00a0Amniosph\u00e8re\u00a0\u00bb raconte une histoire qui interroge l\u2019intime autant que certains faits soci\u00e9taux et porte un regard sensible, humoristique et original sur la vie f\u0153tale. Le po\u00e8te Paul Eluard\u00a0<\/span><\/span><\/span><span style=\"color: #ff0000;\"><span style=\"font-family: Gadugi, sans-serif;\"><span style=\"font-size: medium;\"><span style=\"color: #000000;\">avait peut-\u00eatre raison, lui qui un jour \u00e9crivait\u00a0:<\/span> <span style=\"color: #000000;\"><span style=\"font-family: 'Times New Roman', serif;\"><i>\u00ab<\/i><\/span><\/span><i> <\/i><span style=\"color: #000000;\"><span style=\"font-family: 'Times New Roman', serif;\"><i><b>Il n&rsquo;y a pas de hasard, il n&rsquo;y a que des rendez-vous<\/b><\/i><\/span><\/span><span style=\"color: #000000;\"><span style=\"font-family: 'Times New Roman', serif;\"><i>\u00bb. <\/i><\/span><\/span><\/span><\/span><\/span><\/p>\n<p align=\"CENTER\"><a href=\"https:\/\/www.car-avan.fr\/wordpress\/wp-content\/uploads\/2017\/08\/14.jpg\"><img loading=\"lazy\" decoding=\"async\" class=\" wp-image-536 aligncenter\" src=\"https:\/\/www.car-avan.fr\/wordpress\/wp-content\/uploads\/2017\/08\/14-211x300.jpg\" alt=\"\" width=\"279\" height=\"396\" srcset=\"https:\/\/www.car-avan.fr\/wordpress\/wp-content\/uploads\/2017\/08\/14-211x300.jpg 211w, https:\/\/www.car-avan.fr\/wordpress\/wp-content\/uploads\/2017\/08\/14-768x1094.jpg 768w, https:\/\/www.car-avan.fr\/wordpress\/wp-content\/uploads\/2017\/08\/14-719x1024.jpg 719w, https:\/\/www.car-avan.fr\/wordpress\/wp-content\/uploads\/2017\/08\/14.jpg 1382w\" sizes=\"(max-width: 279px) 100vw, 279px\" \/><\/a><\/p>\n<h2 style=\"text-align: center;\" align=\"LEFT\"><a href=\"https:\/\/www.car-avan.fr\/wordpress\/wp-content\/uploads\/2017\/12\/22-03-2018.jpg\"><img loading=\"lazy\" decoding=\"async\" class=\"alignnone wp-image-616\" src=\"https:\/\/www.car-avan.fr\/wordpress\/wp-content\/uploads\/2017\/12\/22-03-2018-218x300.jpg\" alt=\"\" width=\"412\" height=\"567\" srcset=\"https:\/\/www.car-avan.fr\/wordpress\/wp-content\/uploads\/2017\/12\/22-03-2018-218x300.jpg 218w, https:\/\/www.car-avan.fr\/wordpress\/wp-content\/uploads\/2017\/12\/22-03-2018-768x1056.jpg 768w, https:\/\/www.car-avan.fr\/wordpress\/wp-content\/uploads\/2017\/12\/22-03-2018-745x1024.jpg 745w\" sizes=\"(max-width: 412px) 100vw, 412px\" \/><\/a><\/h2>\n<p style=\"text-align: center;\"><span style=\"color: #000000;\"><span style=\"font-family: Gadugi, sans-serif;\"><span style=\"font-size: x-large;\"><b>REPRESENTATIONS SCOLAIRES<\/b><\/span><\/span><\/span><\/p>\n<p style=\"text-align: center;\"><span style=\"color: #000000;\"><span style=\"font-family: Gadugi, sans-serif;\"><span style=\"font-size: x-large;\">Coll\u00e8ge (4\u00e8me et 3\u00e8me) et Lyc\u00e9e (de la Sde \u00e0 la Terminale)<\/span><\/span><\/span><\/p>\n<p style=\"text-align: center;\">Dossier p\u00e9dagogique \u00e0 t\u00e9l\u00e9charger:<\/p>\n<p style=\"text-align: center;\"><a href=\"https:\/\/www.car-avan.fr\/wordpress\/wp-content\/uploads\/2018\/10\/Doc-p\u00e9dago-Amniosph\u00e8re-Papier.pdf\">Doc p\u00e9dago Amniosph\u00e8re &#8211; Papier<\/a><\/p>\n","protected":false},"excerpt":{"rendered":"<p>DANSE\u00a0&amp;\u00a0TH\u00c9\u00c2TRE Cr\u00e9ation 2017\u00a0 Avec le soutien du Minist\u00e8re de la Culture et de la communication &#8211; Direction des affaires culturelles de Martinique (DAC Martinique), de la Collectivit\u00e9 Territoriale de Martinique (CTM) &amp; le Th\u00e9\u00e2tre Aim\u00e9 C\u00e9saire de Fort de France &hellip; <a href=\"https:\/\/www.car-avan.fr\/?page_id=494\">Continuer la lecture <span class=\"meta-nav\">&rarr;<\/span><\/a><\/p>\n","protected":false},"author":2,"featured_media":0,"parent":6,"menu_order":0,"comment_status":"closed","ping_status":"closed","template":"","meta":{"footnotes":""},"_links":{"self":[{"href":"https:\/\/www.car-avan.fr\/index.php?rest_route=\/wp\/v2\/pages\/494"}],"collection":[{"href":"https:\/\/www.car-avan.fr\/index.php?rest_route=\/wp\/v2\/pages"}],"about":[{"href":"https:\/\/www.car-avan.fr\/index.php?rest_route=\/wp\/v2\/types\/page"}],"author":[{"embeddable":true,"href":"https:\/\/www.car-avan.fr\/index.php?rest_route=\/wp\/v2\/users\/2"}],"replies":[{"embeddable":true,"href":"https:\/\/www.car-avan.fr\/index.php?rest_route=%2Fwp%2Fv2%2Fcomments&post=494"}],"version-history":[{"count":36,"href":"https:\/\/www.car-avan.fr\/index.php?rest_route=\/wp\/v2\/pages\/494\/revisions"}],"predecessor-version":[{"id":746,"href":"https:\/\/www.car-avan.fr\/index.php?rest_route=\/wp\/v2\/pages\/494\/revisions\/746"}],"up":[{"embeddable":true,"href":"https:\/\/www.car-avan.fr\/index.php?rest_route=\/wp\/v2\/pages\/6"}],"wp:attachment":[{"href":"https:\/\/www.car-avan.fr\/index.php?rest_route=%2Fwp%2Fv2%2Fmedia&parent=494"}],"curies":[{"name":"wp","href":"https:\/\/api.w.org\/{rel}","templated":true}]}}