{"id":14,"date":"2017-03-04T20:51:33","date_gmt":"2017-03-04T19:51:33","guid":{"rendered":"http:\/\/www.car-avan.fr\/wordpress\/?page_id=14"},"modified":"2023-12-26T16:01:48","modified_gmt":"2023-12-26T15:01:48","slug":"liens","status":"publish","type":"page","link":"https:\/\/www.car-avan.fr\/?page_id=14","title":{"rendered":"Th\u00e9atre BoiKar\u00e9"},"content":{"rendered":"<h2>Th\u00e9\u00e2tre BoiKar\u00e9<\/h2>\n<p><strong><span style=\"color: #ff0000;\">Page en construction&#8230; A bient\u00f4t!<\/span><\/strong><\/p>\n","protected":false},"excerpt":{"rendered":"<p>Th\u00e9\u00e2tre BoiKar\u00e9 Page en construction&#8230; A bient\u00f4t!<\/p>\n","protected":false},"author":1,"featured_media":0,"parent":0,"menu_order":0,"comment_status":"closed","ping_status":"open","template":"","meta":{"footnotes":""},"_links":{"self":[{"href":"https:\/\/www.car-avan.fr\/index.php?rest_route=\/wp\/v2\/pages\/14"}],"collection":[{"href":"https:\/\/www.car-avan.fr\/index.php?rest_route=\/wp\/v2\/pages"}],"about":[{"href":"https:\/\/www.car-avan.fr\/index.php?rest_route=\/wp\/v2\/types\/page"}],"author":[{"embeddable":true,"href":"https:\/\/www.car-avan.fr\/index.php?rest_route=\/wp\/v2\/users\/1"}],"replies":[{"embeddable":true,"href":"https:\/\/www.car-avan.fr\/index.php?rest_route=%2Fwp%2Fv2%2Fcomments&post=14"}],"version-history":[{"count":13,"href":"https:\/\/www.car-avan.fr\/index.php?rest_route=\/wp\/v2\/pages\/14\/revisions"}],"predecessor-version":[{"id":1661,"href":"https:\/\/www.car-avan.fr\/index.php?rest_route=\/wp\/v2\/pages\/14\/revisions\/1661"}],"wp:attachment":[{"href":"https:\/\/www.car-avan.fr\/index.php?rest_route=%2Fwp%2Fv2%2Fmedia&parent=14"}],"curies":[{"name":"wp","href":"https:\/\/api.w.org\/{rel}","templated":true}]}}