{"id":12,"date":"2018-07-04T17:51:10","date_gmt":"2018-07-04T15:51:10","guid":{"rendered":"http:\/\/www.car-avan.fr\/wordpress\/?page_id=12"},"modified":"2023-03-21T14:58:24","modified_gmt":"2023-03-21T13:58:24","slug":"contact","status":"publish","type":"page","link":"https:\/\/www.car-avan.fr\/?page_id=12","title":{"rendered":"Coordonn\u00e9es compl\u00e8tes"},"content":{"rendered":"<div class=\"conteneur\">\n<div id=\"Layer2\">\n<div align=\"center\">\n<p><strong><span style=\"font-family: Gadugi;\"><i>C<\/i>ie <i>C<\/i>ar&rsquo;Avan<\/span><\/strong><\/p>\n<p><span style=\"font-family: Gadugi;\">60 impasse des Lauriers &#8211; Bois Carr\u00e9e &#8211; 97232 Le Lamentin<\/span><\/p>\n<p><span style=\"font-family: Gadugi;\">Portable : 06 96 40 35 46<\/span><\/p>\n<p>Courriel: caravanocean(at)gmail.com<\/p>\n<p><span style=\"color: #000000;\"><span style=\"font-family: Gadugi, sans-serif;\"><span style=\"font-size: medium;\">N\u00b0 Licence: PLATESV-R-2022-007055<\/span><\/span><\/span><\/p>\n<p><strong><span style=\"font-family: Gadugi;\">Codirecteurs artistiques: <\/span><\/strong><\/p>\n<p><span style=\"font-family: Gadugi;\">Laurence Couzinet-Letchimy\u00a0: 06 96 40 35 46<\/span><\/p>\n<p><span style=\"font-family: Gadugi;\">Thierry Sirou\u00a0: 06.77.66.33.37<\/span><\/p>\n<p><span style=\"font-family: Gadugi;\"><img loading=\"lazy\" decoding=\"async\" class=\"aligncenter\" src=\"https:\/\/www.car-avan.fr\/images\/groupe.jpg\" alt=\"\" width=\"200\" height=\"186\" \/><\/span><\/p>\n<p><strong><span style=\"font-family: Gadugi;\">La compagnie <i>C<\/i>ar&rsquo;Avan est constitu\u00e9e en Association Loi 1901,<\/span><\/strong><\/p>\n<p><strong><span style=\"font-family: Gadugi;\"> l&rsquo;Association Car&rsquo;Avan<\/span><\/strong><\/p>\n<p><span style=\"font-family: Gadugi;\">Si\u00e8ge : 12 D rue des Pitons &#8211; Quartier la Colline &#8211; 97233 SCHOELCHER<\/span><\/p>\n<p><span style=\"font-family: Gadugi;\">Pr\u00e9sid\u00e9e par Madame Mitsu\u00e9 Mangattale <\/span><\/p>\n<p><span style=\"font-family: Gadugi;\">SIRET : 813 423 316 00021<\/span><\/p>\n<p><span style=\"font-family: Gadugi;\">N\u00b0 d&rsquo;association : W9M1006492<\/span><\/p>\n<p><strong><span style=\"font-family: Gadugi;\">*L&rsquo;activit\u00e9 des cours de Gymnastique pilates est g\u00e9r\u00e9e par <\/span><\/strong><\/p>\n<p><strong><span style=\"font-family: Gadugi;\">l&rsquo;Association Ballet Harold<\/span><\/strong><\/p>\n<p><span style=\"font-family: Gadugi;\">Si\u00e8ge : 12 rue Jean Bart &#8211; 18000 BOURGES<\/span><\/p>\n<p><span style=\"font-family: Gadugi;\">Pr\u00e9sid\u00e9e par Andr\u00e9- Pierre Fabre<\/span><\/p>\n<p><span style=\"font-family: Gadugi;\">N\u00b0 SIRET:493 178 917 00024<\/span><\/p>\n<\/div>\n<\/div>\n<\/div>\n<div id=\"conteneur\" class=\"conteneur\">\n<div id=\"pseudoframe\" class=\"pseudoframe\">\n<div id=\"Layer4\"><\/div>\n<div id=\"Layer3\">\n<div align=\"center\"><\/div>\n<\/div>\n<div id=\"Layer2\"><\/div>\n<\/div>\n<\/div>\n","protected":false},"excerpt":{"rendered":"<p>Cie Car&rsquo;Avan 60 impasse des Lauriers &#8211; Bois Carr\u00e9e &#8211; 97232 Le Lamentin Portable : 06 96 40 35 46 Courriel: caravanocean(at)gmail.com N\u00b0 Licence: PLATESV-R-2022-007055 Codirecteurs artistiques: Laurence Couzinet-Letchimy\u00a0: 06 96 40 35 46 Thierry Sirou\u00a0: 06.77.66.33.37 La compagnie Car&rsquo;Avan &hellip; <a href=\"https:\/\/www.car-avan.fr\/?page_id=12\">Continuer la lecture <span class=\"meta-nav\">&rarr;<\/span><\/a><\/p>\n","protected":false},"author":1,"featured_media":0,"parent":0,"menu_order":0,"comment_status":"open","ping_status":"open","template":"","meta":{"footnotes":""},"_links":{"self":[{"href":"https:\/\/www.car-avan.fr\/index.php?rest_route=\/wp\/v2\/pages\/12"}],"collection":[{"href":"https:\/\/www.car-avan.fr\/index.php?rest_route=\/wp\/v2\/pages"}],"about":[{"href":"https:\/\/www.car-avan.fr\/index.php?rest_route=\/wp\/v2\/types\/page"}],"author":[{"embeddable":true,"href":"https:\/\/www.car-avan.fr\/index.php?rest_route=\/wp\/v2\/users\/1"}],"replies":[{"embeddable":true,"href":"https:\/\/www.car-avan.fr\/index.php?rest_route=%2Fwp%2Fv2%2Fcomments&post=12"}],"version-history":[{"count":14,"href":"https:\/\/www.car-avan.fr\/index.php?rest_route=\/wp\/v2\/pages\/12\/revisions"}],"predecessor-version":[{"id":1484,"href":"https:\/\/www.car-avan.fr\/index.php?rest_route=\/wp\/v2\/pages\/12\/revisions\/1484"}],"wp:attachment":[{"href":"https:\/\/www.car-avan.fr\/index.php?rest_route=%2Fwp%2Fv2%2Fmedia&parent=12"}],"curies":[{"name":"wp","href":"https:\/\/api.w.org\/{rel}","templated":true}]}}